{"id":15,"date":"2017-07-20T14:11:59","date_gmt":"2017-07-20T12:11:59","guid":{"rendered":"http:\/\/marierelkq.cluster023.hosting.ovh.net\/?page_id=15"},"modified":"2019-04-17T15:20:57","modified_gmt":"2019-04-17T13:20:57","slug":"my-creations","status":"publish","type":"page","link":"https:\/\/marierelieusedidees.fr\/index.php\/en\/my-creations\/","title":{"rendered":"Notebook"},"content":{"rendered":"<p>C&rsquo;est quoi ?<\/p>\n<p>Le carnet \u00e0 th\u00e8me, le journal, le calendrier, le recueil, le m\u00e9mento, le carnet \u00e0 dessins, le voyage, les id\u00e9es, les essais&#8230;..<\/p>\n<p>Bref ce que vous aurez choisi d&rsquo;en faire .<\/p>\n<p><img loading=\"lazy\" decoding=\"async\" class=\"size-medium wp-image-132 alignnone\" src=\"https:\/\/marierelieusedidees.fr\/wp-content\/uploads\/2017\/08\/503106718-300x225.jpg\" alt=\"\" width=\"300\" height=\"225\" srcset=\"https:\/\/marierelieusedidees.fr\/wp-content\/uploads\/2017\/08\/503106718-300x225.jpg 300w, https:\/\/marierelieusedidees.fr\/wp-content\/uploads\/2017\/08\/503106718-768x576.jpg 768w, https:\/\/marierelieusedidees.fr\/wp-content\/uploads\/2017\/08\/503106718.jpg 1024w, https:\/\/marierelieusedidees.fr\/wp-content\/uploads\/2017\/08\/503106718-640x480.jpg 640w\" sizes=\"auto, (max-width: 300px) 100vw, 300px\" \/><img loading=\"lazy\" decoding=\"async\" class=\" wp-image-131 alignright\" src=\"https:\/\/marierelieusedidees.fr\/wp-content\/uploads\/2017\/08\/503106717-300x225.jpg\" alt=\"\" width=\"293\" height=\"220\" srcset=\"https:\/\/marierelieusedidees.fr\/wp-content\/uploads\/2017\/08\/503106717-300x225.jpg 300w, https:\/\/marierelieusedidees.fr\/wp-content\/uploads\/2017\/08\/503106717-768x576.jpg 768w, https:\/\/marierelieusedidees.fr\/wp-content\/uploads\/2017\/08\/503106717.jpg 1024w, https:\/\/marierelieusedidees.fr\/wp-content\/uploads\/2017\/08\/503106717-640x480.jpg 640w\" sizes=\"auto, (max-width: 293px) 100vw, 293px\" \/><img loading=\"lazy\" decoding=\"async\" class=\"size-medium wp-image-120 alignleft\" src=\"https:\/\/marierelieusedidees.fr\/wp-content\/uploads\/2017\/08\/2435540-300x225.jpg\" alt=\"\" width=\"300\" height=\"225\" srcset=\"https:\/\/marierelieusedidees.fr\/wp-content\/uploads\/2017\/08\/2435540-300x225.jpg 300w, https:\/\/marierelieusedidees.fr\/wp-content\/uploads\/2017\/08\/2435540-768x576.jpg 768w, https:\/\/marierelieusedidees.fr\/wp-content\/uploads\/2017\/08\/2435540-640x480.jpg 640w, https:\/\/marierelieusedidees.fr\/wp-content\/uploads\/2017\/08\/2435540.jpg 800w\" sizes=\"auto, (max-width: 300px) 100vw, 300px\" \/><img loading=\"lazy\" decoding=\"async\" class=\" wp-image-128 alignright\" src=\"https:\/\/marierelieusedidees.fr\/wp-content\/uploads\/2017\/08\/503106712-300x225.jpg\" alt=\"\" width=\"293\" height=\"219\" srcset=\"https:\/\/marierelieusedidees.fr\/wp-content\/uploads\/2017\/08\/503106712-300x225.jpg 300w, https:\/\/marierelieusedidees.fr\/wp-content\/uploads\/2017\/08\/503106712-768x576.jpg 768w, https:\/\/marierelieusedidees.fr\/wp-content\/uploads\/2017\/08\/503106712.jpg 1024w, https:\/\/marierelieusedidees.fr\/wp-content\/uploads\/2017\/08\/503106712-640x480.jpg 640w\" sizes=\"auto, (max-width: 293px) 100vw, 293px\" \/><img loading=\"lazy\" decoding=\"async\" class=\"size-medium wp-image-118 alignright\" src=\"https:\/\/marierelieusedidees.fr\/wp-content\/uploads\/2017\/08\/2241654-300x225.jpg\" alt=\"\" width=\"300\" height=\"225\" srcset=\"https:\/\/marierelieusedidees.fr\/wp-content\/uploads\/2017\/08\/2241654-300x225.jpg 300w, https:\/\/marierelieusedidees.fr\/wp-content\/uploads\/2017\/08\/2241654-768x576.jpg 768w, https:\/\/marierelieusedidees.fr\/wp-content\/uploads\/2017\/08\/2241654-640x480.jpg 640w, https:\/\/marierelieusedidees.fr\/wp-content\/uploads\/2017\/08\/2241654.jpg 800w\" sizes=\"auto, (max-width: 300px) 100vw, 300px\" \/><img loading=\"lazy\" decoding=\"async\" class=\"size-medium wp-image-130 alignnone\" src=\"https:\/\/marierelieusedidees.fr\/wp-content\/uploads\/2017\/08\/503106715-300x225.jpg\" alt=\"\" width=\"300\" height=\"225\" srcset=\"https:\/\/marierelieusedidees.fr\/wp-content\/uploads\/2017\/08\/503106715-300x225.jpg 300w, https:\/\/marierelieusedidees.fr\/wp-content\/uploads\/2017\/08\/503106715-768x576.jpg 768w, https:\/\/marierelieusedidees.fr\/wp-content\/uploads\/2017\/08\/503106715.jpg 1024w, https:\/\/marierelieusedidees.fr\/wp-content\/uploads\/2017\/08\/503106715-640x480.jpg 640w\" sizes=\"auto, (max-width: 300px) 100vw, 300px\" \/><\/p>\n","protected":false},"excerpt":{"rendered":"<p>C&rsquo;est quoi ? Le carnet \u00e0 th\u00e8me, le journal, le calendrier, le recueil, le m\u00e9mento, le carnet \u00e0 dessins, le voyage, les id\u00e9es, les essais&#8230;.. Bref ce que vous aurez choisi d&rsquo;en faire .<\/p>\n","protected":false},"author":1,"featured_media":0,"parent":0,"menu_order":0,"comment_status":"closed","ping_status":"closed","template":"","meta":{"footnotes":""},"class_list":["post-15","page","type-page","status-publish","hentry"],"yoast_head":"<!-- This site is optimized with the Yoast SEO plugin v27.4 - https:\/\/yoast.com\/product\/yoast-seo-wordpress\/ -->\n<title>Notebook - Marie Relieuse d&#039;Id\u00e9es<\/title>\n<meta name=\"robots\" content=\"index, follow, max-snippet:-1, max-image-preview:large, max-video-preview:-1\" \/>\n<link rel=\"canonical\" href=\"https:\/\/marierelieusedidees.fr\/index.php\/en\/my-creations\/\" \/>\n<meta property=\"og:locale\" content=\"fr_FR\" \/>\n<meta property=\"og:type\" content=\"article\" \/>\n<meta property=\"og:title\" content=\"Notebook - Marie Relieuse d&#039;Id\u00e9es\" \/>\n<meta property=\"og:description\" content=\"C&rsquo;est quoi ? Le carnet \u00e0 th\u00e8me, le journal, le calendrier, le recueil, le m\u00e9mento, le carnet \u00e0 dessins, le voyage, les id\u00e9es, les essais&#8230;.. Bref ce que vous aurez choisi d&rsquo;en faire .\" \/>\n<meta property=\"og:url\" content=\"https:\/\/marierelieusedidees.fr\/index.php\/en\/my-creations\/\" \/>\n<meta property=\"og:site_name\" content=\"Marie Relieuse d&#039;Id\u00e9es\" \/>\n<meta property=\"article:modified_time\" content=\"2019-04-17T13:20:57+00:00\" \/>\n<meta property=\"og:image\" content=\"https:\/\/marierelieusedidees.fr\/wp-content\/uploads\/2017\/08\/503106718-300x225.jpg\" \/>\n<meta name=\"twitter:card\" content=\"summary_large_image\" \/>\n<script type=\"application\/ld+json\" class=\"yoast-schema-graph\">{\"@context\":\"https:\\\/\\\/schema.org\",\"@graph\":[{\"@type\":\"WebPage\",\"@id\":\"https:\\\/\\\/marierelieusedidees.fr\\\/index.php\\\/en\\\/my-creations\\\/\",\"url\":\"https:\\\/\\\/marierelieusedidees.fr\\\/index.php\\\/en\\\/my-creations\\\/\",\"name\":\"Notebook - Marie Relieuse d&#039;Id\u00e9es\",\"isPartOf\":{\"@id\":\"https:\\\/\\\/marierelieusedidees.fr\\\/#website\"},\"primaryImageOfPage\":{\"@id\":\"https:\\\/\\\/marierelieusedidees.fr\\\/index.php\\\/en\\\/my-creations\\\/#primaryimage\"},\"image\":{\"@id\":\"https:\\\/\\\/marierelieusedidees.fr\\\/index.php\\\/en\\\/my-creations\\\/#primaryimage\"},\"thumbnailUrl\":\"https:\\\/\\\/marierelieusedidees.fr\\\/wp-content\\\/uploads\\\/2017\\\/08\\\/503106718-300x225.jpg\",\"datePublished\":\"2017-07-20T12:11:59+00:00\",\"dateModified\":\"2019-04-17T13:20:57+00:00\",\"breadcrumb\":{\"@id\":\"https:\\\/\\\/marierelieusedidees.fr\\\/index.php\\\/en\\\/my-creations\\\/#breadcrumb\"},\"inLanguage\":\"fr-FR\",\"potentialAction\":[{\"@type\":\"ReadAction\",\"target\":[\"https:\\\/\\\/marierelieusedidees.fr\\\/index.php\\\/en\\\/my-creations\\\/\"]}]},{\"@type\":\"ImageObject\",\"inLanguage\":\"fr-FR\",\"@id\":\"https:\\\/\\\/marierelieusedidees.fr\\\/index.php\\\/en\\\/my-creations\\\/#primaryimage\",\"url\":\"https:\\\/\\\/marierelieusedidees.fr\\\/wp-content\\\/uploads\\\/2017\\\/08\\\/503106718.jpg\",\"contentUrl\":\"https:\\\/\\\/marierelieusedidees.fr\\\/wp-content\\\/uploads\\\/2017\\\/08\\\/503106718.jpg\",\"width\":1024,\"height\":768},{\"@type\":\"BreadcrumbList\",\"@id\":\"https:\\\/\\\/marierelieusedidees.fr\\\/index.php\\\/en\\\/my-creations\\\/#breadcrumb\",\"itemListElement\":[{\"@type\":\"ListItem\",\"position\":1,\"name\":\"Accueil\",\"item\":\"https:\\\/\\\/marierelieusedidees.fr\\\/\"},{\"@type\":\"ListItem\",\"position\":2,\"name\":\"Notebook\"}]},{\"@type\":\"WebSite\",\"@id\":\"https:\\\/\\\/marierelieusedidees.fr\\\/#website\",\"url\":\"https:\\\/\\\/marierelieusedidees.fr\\\/\",\"name\":\"Marie Relieuse d&#039;Id\u00e9es\",\"description\":\"Marie Relieuse d&#039;Id\u00e9es\",\"publisher\":{\"@id\":\"https:\\\/\\\/marierelieusedidees.fr\\\/#organization\"},\"potentialAction\":[{\"@type\":\"SearchAction\",\"target\":{\"@type\":\"EntryPoint\",\"urlTemplate\":\"https:\\\/\\\/marierelieusedidees.fr\\\/?s={search_term_string}\"},\"query-input\":{\"@type\":\"PropertyValueSpecification\",\"valueRequired\":true,\"valueName\":\"search_term_string\"}}],\"inLanguage\":\"fr-FR\"},{\"@type\":\"Organization\",\"@id\":\"https:\\\/\\\/marierelieusedidees.fr\\\/#organization\",\"name\":\"marie relieuse d'id\u00e9es\",\"url\":\"https:\\\/\\\/marierelieusedidees.fr\\\/\",\"logo\":{\"@type\":\"ImageObject\",\"inLanguage\":\"fr-FR\",\"@id\":\"https:\\\/\\\/marierelieusedidees.fr\\\/#\\\/schema\\\/logo\\\/image\\\/\",\"url\":\"https:\\\/\\\/marierelieusedidees.fr\\\/wp-content\\\/uploads\\\/2017\\\/08\\\/2537442.jpg\",\"contentUrl\":\"https:\\\/\\\/marierelieusedidees.fr\\\/wp-content\\\/uploads\\\/2017\\\/08\\\/2537442.jpg\",\"width\":1200,\"height\":337,\"caption\":\"marie relieuse d'id\u00e9es\"},\"image\":{\"@id\":\"https:\\\/\\\/marierelieusedidees.fr\\\/#\\\/schema\\\/logo\\\/image\\\/\"}}]}<\/script>\n<!-- \/ Yoast SEO plugin. -->","yoast_head_json":{"title":"Notebook - Marie Relieuse d&#039;Id\u00e9es","robots":{"index":"index","follow":"follow","max-snippet":"max-snippet:-1","max-image-preview":"max-image-preview:large","max-video-preview":"max-video-preview:-1"},"canonical":"https:\/\/marierelieusedidees.fr\/index.php\/en\/my-creations\/","og_locale":"fr_FR","og_type":"article","og_title":"Notebook - Marie Relieuse d&#039;Id\u00e9es","og_description":"C&rsquo;est quoi ? Le carnet \u00e0 th\u00e8me, le journal, le calendrier, le recueil, le m\u00e9mento, le carnet \u00e0 dessins, le voyage, les id\u00e9es, les essais&#8230;.. Bref ce que vous aurez choisi d&rsquo;en faire .","og_url":"https:\/\/marierelieusedidees.fr\/index.php\/en\/my-creations\/","og_site_name":"Marie Relieuse d&#039;Id\u00e9es","article_modified_time":"2019-04-17T13:20:57+00:00","og_image":[{"url":"https:\/\/marierelieusedidees.fr\/wp-content\/uploads\/2017\/08\/503106718-300x225.jpg","type":"","width":"","height":""}],"twitter_card":"summary_large_image","schema":{"@context":"https:\/\/schema.org","@graph":[{"@type":"WebPage","@id":"https:\/\/marierelieusedidees.fr\/index.php\/en\/my-creations\/","url":"https:\/\/marierelieusedidees.fr\/index.php\/en\/my-creations\/","name":"Notebook - Marie Relieuse d&#039;Id\u00e9es","isPartOf":{"@id":"https:\/\/marierelieusedidees.fr\/#website"},"primaryImageOfPage":{"@id":"https:\/\/marierelieusedidees.fr\/index.php\/en\/my-creations\/#primaryimage"},"image":{"@id":"https:\/\/marierelieusedidees.fr\/index.php\/en\/my-creations\/#primaryimage"},"thumbnailUrl":"https:\/\/marierelieusedidees.fr\/wp-content\/uploads\/2017\/08\/503106718-300x225.jpg","datePublished":"2017-07-20T12:11:59+00:00","dateModified":"2019-04-17T13:20:57+00:00","breadcrumb":{"@id":"https:\/\/marierelieusedidees.fr\/index.php\/en\/my-creations\/#breadcrumb"},"inLanguage":"fr-FR","potentialAction":[{"@type":"ReadAction","target":["https:\/\/marierelieusedidees.fr\/index.php\/en\/my-creations\/"]}]},{"@type":"ImageObject","inLanguage":"fr-FR","@id":"https:\/\/marierelieusedidees.fr\/index.php\/en\/my-creations\/#primaryimage","url":"https:\/\/marierelieusedidees.fr\/wp-content\/uploads\/2017\/08\/503106718.jpg","contentUrl":"https:\/\/marierelieusedidees.fr\/wp-content\/uploads\/2017\/08\/503106718.jpg","width":1024,"height":768},{"@type":"BreadcrumbList","@id":"https:\/\/marierelieusedidees.fr\/index.php\/en\/my-creations\/#breadcrumb","itemListElement":[{"@type":"ListItem","position":1,"name":"Accueil","item":"https:\/\/marierelieusedidees.fr\/"},{"@type":"ListItem","position":2,"name":"Notebook"}]},{"@type":"WebSite","@id":"https:\/\/marierelieusedidees.fr\/#website","url":"https:\/\/marierelieusedidees.fr\/","name":"Marie Relieuse d&#039;Id\u00e9es","description":"Marie Relieuse d&#039;Id\u00e9es","publisher":{"@id":"https:\/\/marierelieusedidees.fr\/#organization"},"potentialAction":[{"@type":"SearchAction","target":{"@type":"EntryPoint","urlTemplate":"https:\/\/marierelieusedidees.fr\/?s={search_term_string}"},"query-input":{"@type":"PropertyValueSpecification","valueRequired":true,"valueName":"search_term_string"}}],"inLanguage":"fr-FR"},{"@type":"Organization","@id":"https:\/\/marierelieusedidees.fr\/#organization","name":"marie relieuse d'id\u00e9es","url":"https:\/\/marierelieusedidees.fr\/","logo":{"@type":"ImageObject","inLanguage":"fr-FR","@id":"https:\/\/marierelieusedidees.fr\/#\/schema\/logo\/image\/","url":"https:\/\/marierelieusedidees.fr\/wp-content\/uploads\/2017\/08\/2537442.jpg","contentUrl":"https:\/\/marierelieusedidees.fr\/wp-content\/uploads\/2017\/08\/2537442.jpg","width":1200,"height":337,"caption":"marie relieuse d'id\u00e9es"},"image":{"@id":"https:\/\/marierelieusedidees.fr\/#\/schema\/logo\/image\/"}}]}},"_links":{"self":[{"href":"https:\/\/marierelieusedidees.fr\/index.php\/wp-json\/wp\/v2\/pages\/15","targetHints":{"allow":["GET"]}}],"collection":[{"href":"https:\/\/marierelieusedidees.fr\/index.php\/wp-json\/wp\/v2\/pages"}],"about":[{"href":"https:\/\/marierelieusedidees.fr\/index.php\/wp-json\/wp\/v2\/types\/page"}],"author":[{"embeddable":true,"href":"https:\/\/marierelieusedidees.fr\/index.php\/wp-json\/wp\/v2\/users\/1"}],"replies":[{"embeddable":true,"href":"https:\/\/marierelieusedidees.fr\/index.php\/wp-json\/wp\/v2\/comments?post=15"}],"version-history":[{"count":2,"href":"https:\/\/marierelieusedidees.fr\/index.php\/wp-json\/wp\/v2\/pages\/15\/revisions"}],"predecessor-version":[{"id":494,"href":"https:\/\/marierelieusedidees.fr\/index.php\/wp-json\/wp\/v2\/pages\/15\/revisions\/494"}],"wp:attachment":[{"href":"https:\/\/marierelieusedidees.fr\/index.php\/wp-json\/wp\/v2\/media?parent=15"}],"curies":[{"name":"wp","href":"https:\/\/api.w.org\/{rel}","templated":true}]}}