{"id":17,"date":"2017-07-20T14:20:21","date_gmt":"2017-07-20T12:20:21","guid":{"rendered":"http:\/\/marierelkq.cluster023.hosting.ovh.net\/?page_id=17"},"modified":"2019-04-25T19:12:41","modified_gmt":"2019-04-25T17:12:41","slug":"tarifs","status":"publish","type":"page","link":"https:\/\/marierelieusedidees.fr\/index.php\/tarifs\/","title":{"rendered":"Tarifs"},"content":{"rendered":"\n<ul class=\"wp-block-gallery columns-3 is-cropped wp-block-gallery-1 is-layout-flex wp-block-gallery-is-layout-flex\"><li class=\"blocks-gallery-item\"><figure><img loading=\"lazy\" decoding=\"async\" width=\"1024\" height=\"768\" src=\"https:\/\/marierelieusedidees.fr\/wp-content\/uploads\/2018\/04\/Photo-074-2017_10_21-12_44_23-UTC-2017_10_22-10_26_45-UTC-1024x768.jpg\" alt=\"\" data-id=\"196\" data-link=\"https:\/\/marierelieusedidees.fr\/index.php\/tarifs\/photo-074-2017_10_21-12_44_23-utc-2017_10_22-10_26_45-utc\/\" class=\"wp-image-196\" srcset=\"https:\/\/marierelieusedidees.fr\/wp-content\/uploads\/2018\/04\/Photo-074-2017_10_21-12_44_23-UTC-2017_10_22-10_26_45-UTC-1024x768.jpg 1024w, https:\/\/marierelieusedidees.fr\/wp-content\/uploads\/2018\/04\/Photo-074-2017_10_21-12_44_23-UTC-2017_10_22-10_26_45-UTC-300x225.jpg 300w, https:\/\/marierelieusedidees.fr\/wp-content\/uploads\/2018\/04\/Photo-074-2017_10_21-12_44_23-UTC-2017_10_22-10_26_45-UTC-768x576.jpg 768w, https:\/\/marierelieusedidees.fr\/wp-content\/uploads\/2018\/04\/Photo-074-2017_10_21-12_44_23-UTC-2017_10_22-10_26_45-UTC.jpg 1280w\" sizes=\"auto, (max-width: 1024px) 100vw, 1024px\" \/><\/figure><\/li><li class=\"blocks-gallery-item\"><figure><img loading=\"lazy\" decoding=\"async\" width=\"1024\" height=\"768\" src=\"https:\/\/marierelieusedidees.fr\/wp-content\/uploads\/2018\/04\/ARABESQUE-MULTICOLORE-2017_10_21-12_44_23-UTC-2017_10_22-10_26_45-UTC-1024x768.jpg\" alt=\"\" data-id=\"193\" data-link=\"https:\/\/marierelieusedidees.fr\/index.php\/tarifs\/arabesque-multicolore-2017_10_21-12_44_23-utc-2017_10_22-10_26_45-utc\/\" class=\"wp-image-193\"\/><\/figure><\/li><li class=\"blocks-gallery-item\"><figure><img loading=\"lazy\" decoding=\"async\" width=\"1024\" height=\"768\" src=\"https:\/\/marierelieusedidees.fr\/wp-content\/uploads\/2017\/08\/503106719-1024x768.jpg\" alt=\"\" data-id=\"133\" data-link=\"https:\/\/marierelieusedidees.fr\/index.php\/tarifs\/attachment\/503106719\/\" class=\"wp-image-133\" srcset=\"https:\/\/marierelieusedidees.fr\/wp-content\/uploads\/2017\/08\/503106719.jpg 1024w, https:\/\/marierelieusedidees.fr\/wp-content\/uploads\/2017\/08\/503106719-300x225.jpg 300w, https:\/\/marierelieusedidees.fr\/wp-content\/uploads\/2017\/08\/503106719-768x576.jpg 768w, https:\/\/marierelieusedidees.fr\/wp-content\/uploads\/2017\/08\/503106719-640x480.jpg 640w\" sizes=\"auto, (max-width: 1024px) 100vw, 1024px\" \/><\/figure><\/li><li class=\"blocks-gallery-item\"><figure><img loading=\"lazy\" decoding=\"async\" width=\"800\" height=\"600\" src=\"https:\/\/marierelieusedidees.fr\/wp-content\/uploads\/2017\/08\/2597358.jpg\" alt=\"\" data-id=\"125\" data-link=\"https:\/\/marierelieusedidees.fr\/2597358\/\" class=\"wp-image-125\" srcset=\"https:\/\/marierelieusedidees.fr\/wp-content\/uploads\/2017\/08\/2597358.jpg 800w, https:\/\/marierelieusedidees.fr\/wp-content\/uploads\/2017\/08\/2597358-300x225.jpg 300w, https:\/\/marierelieusedidees.fr\/wp-content\/uploads\/2017\/08\/2597358-768x576.jpg 768w, https:\/\/marierelieusedidees.fr\/wp-content\/uploads\/2017\/08\/2597358-640x480.jpg 640w\" sizes=\"auto, (max-width: 800px) 100vw, 800px\" \/><\/figure><\/li><li class=\"blocks-gallery-item\"><figure><img loading=\"lazy\" decoding=\"async\" width=\"1024\" height=\"768\" src=\"https:\/\/marierelieusedidees.fr\/wp-content\/uploads\/2017\/08\/503106712-1024x768.jpg\" alt=\"\" data-id=\"128\" data-link=\"https:\/\/marierelieusedidees.fr\/index.php\/mes-creations__trashed\/attachment\/503106712\/\" class=\"wp-image-128\" srcset=\"https:\/\/marierelieusedidees.fr\/wp-content\/uploads\/2017\/08\/503106712.jpg 1024w, https:\/\/marierelieusedidees.fr\/wp-content\/uploads\/2017\/08\/503106712-300x225.jpg 300w, https:\/\/marierelieusedidees.fr\/wp-content\/uploads\/2017\/08\/503106712-768x576.jpg 768w, https:\/\/marierelieusedidees.fr\/wp-content\/uploads\/2017\/08\/503106712-640x480.jpg 640w\" sizes=\"auto, (max-width: 1024px) 100vw, 1024px\" \/><\/figure><\/li><\/ul>\n\n\n<p>Chaque carnet est unique, le tarif est adapt\u00e9 au type de reliure, \u00e0 la qualit\u00e9, \u00e0 la nature, \u00e0 la provenance du papier ou du tissu.<\/p>\n<p>Ce sont des carnets existants de ma composition que vous souhaitez adopter, nous pouvons aussi le cr\u00e9er ensemble, faire du sur mesure,\u00a0 lors d&rsquo;un voyage , d&rsquo;un \u00e9v\u00e8nement; c&rsquo;est l&rsquo;occasion de s&rsquo;ouvrir \u00e0 d&rsquo;autres possibles.<\/p>\n<p>Donnez-moi vos th\u00e8mes favoris,\u00a0 je vous fais une proposition de mati\u00e8res, de mise en page et tarifaire.<\/p>\n<p>Je suis \u00e0 l&rsquo;\u00e9coute de vos envies, de vos r\u00e9cups de papiers ou de tissus, j&rsquo;\u00e9change avec vous pour concr\u00e9tiser l&rsquo;objet de votre choix.<\/p>\n<h2>Format environ 10,5&#215;14,8<\/h2>\n<ul>\n<li>Carnet simple cousu 10 \u00e0 15 \u20ac<\/li>\n<\/ul>\n<h2>Format environ 14,8&#215;21<\/h2>\n<ul>\n<li>Reliure\u00a0 japonaise, carnet souple 18 \u20ac<\/li>\n<li>Reliure japonaise, carnet \u00e0 charni\u00e8re 22 \u20ac<\/li>\n<li>Reliure japonaise, carnet \u00e0 charni\u00e8re brod\u00e9 selon type de 30 \u00e0 45 \u20ac<\/li>\n<\/ul>\n<h2>Format environ 14,8&#215;21<\/h2>\n<ul>\n<li>Reliure dos toil\u00e9 de 15 \u00e0 20 \u20ac<\/li>\n<\/ul>\n<h2>Format environ 21&#215;29,7<\/h2>\n<ul>\n<li>Croquis\u00a0 30\u20ac<\/li>\n<li>Album personnalis\u00e9 \u00e0 \u00e9tudier , format A4 (21&#215;29,7)<\/li>\n<\/ul>\n<h2>Boucles d&rsquo;oreilles origami<\/h2>\n<ul>\n<li>carnet , poisson 13\u20ac<br \/><br \/><\/li>\n<\/ul>\n<p>Clips et crochets anti-allergiques sur demande<\/p>","protected":false},"excerpt":{"rendered":"<p>Chaque carnet est unique, le tarif est adapt\u00e9 au type de reliure, \u00e0 la qualit\u00e9, \u00e0 la nature, \u00e0 la provenance du papier ou du tissu. Ce sont des carnets existants de ma composition que vous souhaitez adopter, nous pouvons<\/p>\n","protected":false},"author":1,"featured_media":0,"parent":0,"menu_order":0,"comment_status":"closed","ping_status":"closed","template":"","meta":{"footnotes":""},"class_list":["post-17","page","type-page","status-publish","hentry"],"yoast_head":"<!-- This site is optimized with the Yoast SEO plugin v27.5 - https:\/\/yoast.com\/product\/yoast-seo-wordpress\/ -->\n<title>Tarifs - Marie Relieuse d&#039;Id\u00e9es<\/title>\n<meta name=\"robots\" content=\"index, follow, max-snippet:-1, max-image-preview:large, max-video-preview:-1\" \/>\n<link rel=\"canonical\" href=\"https:\/\/marierelieusedidees.fr\/index.php\/tarifs\/\" \/>\n<meta property=\"og:locale\" content=\"fr_FR\" \/>\n<meta property=\"og:type\" content=\"article\" \/>\n<meta property=\"og:title\" content=\"Tarifs - Marie Relieuse d&#039;Id\u00e9es\" \/>\n<meta property=\"og:description\" content=\"Chaque carnet est unique, le tarif est adapt\u00e9 au type de reliure, \u00e0 la qualit\u00e9, \u00e0 la nature, \u00e0 la provenance du papier ou du tissu. Ce sont des carnets existants de ma composition que vous souhaitez adopter, nous pouvons\" \/>\n<meta property=\"og:url\" content=\"https:\/\/marierelieusedidees.fr\/index.php\/tarifs\/\" \/>\n<meta property=\"og:site_name\" content=\"Marie Relieuse d&#039;Id\u00e9es\" \/>\n<meta property=\"article:modified_time\" content=\"2019-04-25T17:12:41+00:00\" \/>\n<meta property=\"og:image\" content=\"https:\/\/marierelieusedidees.fr\/wp-content\/uploads\/2018\/04\/Photo-074-2017_10_21-12_44_23-UTC-2017_10_22-10_26_45-UTC-1024x768.jpg\" \/>\n<meta name=\"twitter:card\" content=\"summary_large_image\" \/>\n<meta name=\"twitter:label1\" content=\"Dur\u00e9e de lecture estim\u00e9e\" \/>\n\t<meta name=\"twitter:data1\" content=\"1 minute\" \/>\n<script type=\"application\/ld+json\" class=\"yoast-schema-graph\">{\"@context\":\"https:\\\/\\\/schema.org\",\"@graph\":[{\"@type\":\"WebPage\",\"@id\":\"https:\\\/\\\/marierelieusedidees.fr\\\/index.php\\\/tarifs\\\/\",\"url\":\"https:\\\/\\\/marierelieusedidees.fr\\\/index.php\\\/tarifs\\\/\",\"name\":\"Tarifs - Marie Relieuse d&#039;Id\u00e9es\",\"isPartOf\":{\"@id\":\"https:\\\/\\\/marierelieusedidees.fr\\\/#website\"},\"primaryImageOfPage\":{\"@id\":\"https:\\\/\\\/marierelieusedidees.fr\\\/index.php\\\/tarifs\\\/#primaryimage\"},\"image\":{\"@id\":\"https:\\\/\\\/marierelieusedidees.fr\\\/index.php\\\/tarifs\\\/#primaryimage\"},\"thumbnailUrl\":\"https:\\\/\\\/marierelieusedidees.fr\\\/wp-content\\\/uploads\\\/2018\\\/04\\\/Photo-074-2017_10_21-12_44_23-UTC-2017_10_22-10_26_45-UTC-1024x768.jpg\",\"datePublished\":\"2017-07-20T12:20:21+00:00\",\"dateModified\":\"2019-04-25T17:12:41+00:00\",\"breadcrumb\":{\"@id\":\"https:\\\/\\\/marierelieusedidees.fr\\\/index.php\\\/tarifs\\\/#breadcrumb\"},\"inLanguage\":\"fr-FR\",\"potentialAction\":[{\"@type\":\"ReadAction\",\"target\":[\"https:\\\/\\\/marierelieusedidees.fr\\\/index.php\\\/tarifs\\\/\"]}]},{\"@type\":\"ImageObject\",\"inLanguage\":\"fr-FR\",\"@id\":\"https:\\\/\\\/marierelieusedidees.fr\\\/index.php\\\/tarifs\\\/#primaryimage\",\"url\":\"https:\\\/\\\/marierelieusedidees.fr\\\/wp-content\\\/uploads\\\/2018\\\/04\\\/Photo-074-2017_10_21-12_44_23-UTC-2017_10_22-10_26_45-UTC.jpg\",\"contentUrl\":\"https:\\\/\\\/marierelieusedidees.fr\\\/wp-content\\\/uploads\\\/2018\\\/04\\\/Photo-074-2017_10_21-12_44_23-UTC-2017_10_22-10_26_45-UTC.jpg\",\"width\":1280,\"height\":960},{\"@type\":\"BreadcrumbList\",\"@id\":\"https:\\\/\\\/marierelieusedidees.fr\\\/index.php\\\/tarifs\\\/#breadcrumb\",\"itemListElement\":[{\"@type\":\"ListItem\",\"position\":1,\"name\":\"Accueil\",\"item\":\"https:\\\/\\\/marierelieusedidees.fr\\\/\"},{\"@type\":\"ListItem\",\"position\":2,\"name\":\"Tarifs\"}]},{\"@type\":\"WebSite\",\"@id\":\"https:\\\/\\\/marierelieusedidees.fr\\\/#website\",\"url\":\"https:\\\/\\\/marierelieusedidees.fr\\\/\",\"name\":\"Marie Relieuse d&#039;Id\u00e9es\",\"description\":\"Marie Relieuse d&#039;Id\u00e9es\",\"publisher\":{\"@id\":\"https:\\\/\\\/marierelieusedidees.fr\\\/#organization\"},\"potentialAction\":[{\"@type\":\"SearchAction\",\"target\":{\"@type\":\"EntryPoint\",\"urlTemplate\":\"https:\\\/\\\/marierelieusedidees.fr\\\/?s={search_term_string}\"},\"query-input\":{\"@type\":\"PropertyValueSpecification\",\"valueRequired\":true,\"valueName\":\"search_term_string\"}}],\"inLanguage\":\"fr-FR\"},{\"@type\":\"Organization\",\"@id\":\"https:\\\/\\\/marierelieusedidees.fr\\\/#organization\",\"name\":\"marie relieuse d'id\u00e9es\",\"url\":\"https:\\\/\\\/marierelieusedidees.fr\\\/\",\"logo\":{\"@type\":\"ImageObject\",\"inLanguage\":\"fr-FR\",\"@id\":\"https:\\\/\\\/marierelieusedidees.fr\\\/#\\\/schema\\\/logo\\\/image\\\/\",\"url\":\"https:\\\/\\\/marierelieusedidees.fr\\\/wp-content\\\/uploads\\\/2017\\\/08\\\/2537442.jpg\",\"contentUrl\":\"https:\\\/\\\/marierelieusedidees.fr\\\/wp-content\\\/uploads\\\/2017\\\/08\\\/2537442.jpg\",\"width\":1200,\"height\":337,\"caption\":\"marie relieuse d'id\u00e9es\"},\"image\":{\"@id\":\"https:\\\/\\\/marierelieusedidees.fr\\\/#\\\/schema\\\/logo\\\/image\\\/\"}}]}<\/script>\n<!-- \/ Yoast SEO plugin. -->","yoast_head_json":{"title":"Tarifs - Marie Relieuse d&#039;Id\u00e9es","robots":{"index":"index","follow":"follow","max-snippet":"max-snippet:-1","max-image-preview":"max-image-preview:large","max-video-preview":"max-video-preview:-1"},"canonical":"https:\/\/marierelieusedidees.fr\/index.php\/tarifs\/","og_locale":"fr_FR","og_type":"article","og_title":"Tarifs - Marie Relieuse d&#039;Id\u00e9es","og_description":"Chaque carnet est unique, le tarif est adapt\u00e9 au type de reliure, \u00e0 la qualit\u00e9, \u00e0 la nature, \u00e0 la provenance du papier ou du tissu. Ce sont des carnets existants de ma composition que vous souhaitez adopter, nous pouvons","og_url":"https:\/\/marierelieusedidees.fr\/index.php\/tarifs\/","og_site_name":"Marie Relieuse d&#039;Id\u00e9es","article_modified_time":"2019-04-25T17:12:41+00:00","og_image":[{"url":"https:\/\/marierelieusedidees.fr\/wp-content\/uploads\/2018\/04\/Photo-074-2017_10_21-12_44_23-UTC-2017_10_22-10_26_45-UTC-1024x768.jpg","type":"","width":"","height":""}],"twitter_card":"summary_large_image","twitter_misc":{"Dur\u00e9e de lecture estim\u00e9e":"1 minute"},"schema":{"@context":"https:\/\/schema.org","@graph":[{"@type":"WebPage","@id":"https:\/\/marierelieusedidees.fr\/index.php\/tarifs\/","url":"https:\/\/marierelieusedidees.fr\/index.php\/tarifs\/","name":"Tarifs - Marie Relieuse d&#039;Id\u00e9es","isPartOf":{"@id":"https:\/\/marierelieusedidees.fr\/#website"},"primaryImageOfPage":{"@id":"https:\/\/marierelieusedidees.fr\/index.php\/tarifs\/#primaryimage"},"image":{"@id":"https:\/\/marierelieusedidees.fr\/index.php\/tarifs\/#primaryimage"},"thumbnailUrl":"https:\/\/marierelieusedidees.fr\/wp-content\/uploads\/2018\/04\/Photo-074-2017_10_21-12_44_23-UTC-2017_10_22-10_26_45-UTC-1024x768.jpg","datePublished":"2017-07-20T12:20:21+00:00","dateModified":"2019-04-25T17:12:41+00:00","breadcrumb":{"@id":"https:\/\/marierelieusedidees.fr\/index.php\/tarifs\/#breadcrumb"},"inLanguage":"fr-FR","potentialAction":[{"@type":"ReadAction","target":["https:\/\/marierelieusedidees.fr\/index.php\/tarifs\/"]}]},{"@type":"ImageObject","inLanguage":"fr-FR","@id":"https:\/\/marierelieusedidees.fr\/index.php\/tarifs\/#primaryimage","url":"https:\/\/marierelieusedidees.fr\/wp-content\/uploads\/2018\/04\/Photo-074-2017_10_21-12_44_23-UTC-2017_10_22-10_26_45-UTC.jpg","contentUrl":"https:\/\/marierelieusedidees.fr\/wp-content\/uploads\/2018\/04\/Photo-074-2017_10_21-12_44_23-UTC-2017_10_22-10_26_45-UTC.jpg","width":1280,"height":960},{"@type":"BreadcrumbList","@id":"https:\/\/marierelieusedidees.fr\/index.php\/tarifs\/#breadcrumb","itemListElement":[{"@type":"ListItem","position":1,"name":"Accueil","item":"https:\/\/marierelieusedidees.fr\/"},{"@type":"ListItem","position":2,"name":"Tarifs"}]},{"@type":"WebSite","@id":"https:\/\/marierelieusedidees.fr\/#website","url":"https:\/\/marierelieusedidees.fr\/","name":"Marie Relieuse d&#039;Id\u00e9es","description":"Marie Relieuse d&#039;Id\u00e9es","publisher":{"@id":"https:\/\/marierelieusedidees.fr\/#organization"},"potentialAction":[{"@type":"SearchAction","target":{"@type":"EntryPoint","urlTemplate":"https:\/\/marierelieusedidees.fr\/?s={search_term_string}"},"query-input":{"@type":"PropertyValueSpecification","valueRequired":true,"valueName":"search_term_string"}}],"inLanguage":"fr-FR"},{"@type":"Organization","@id":"https:\/\/marierelieusedidees.fr\/#organization","name":"marie relieuse d'id\u00e9es","url":"https:\/\/marierelieusedidees.fr\/","logo":{"@type":"ImageObject","inLanguage":"fr-FR","@id":"https:\/\/marierelieusedidees.fr\/#\/schema\/logo\/image\/","url":"https:\/\/marierelieusedidees.fr\/wp-content\/uploads\/2017\/08\/2537442.jpg","contentUrl":"https:\/\/marierelieusedidees.fr\/wp-content\/uploads\/2017\/08\/2537442.jpg","width":1200,"height":337,"caption":"marie relieuse d'id\u00e9es"},"image":{"@id":"https:\/\/marierelieusedidees.fr\/#\/schema\/logo\/image\/"}}]}},"_links":{"self":[{"href":"https:\/\/marierelieusedidees.fr\/index.php\/wp-json\/wp\/v2\/pages\/17","targetHints":{"allow":["GET"]}}],"collection":[{"href":"https:\/\/marierelieusedidees.fr\/index.php\/wp-json\/wp\/v2\/pages"}],"about":[{"href":"https:\/\/marierelieusedidees.fr\/index.php\/wp-json\/wp\/v2\/types\/page"}],"author":[{"embeddable":true,"href":"https:\/\/marierelieusedidees.fr\/index.php\/wp-json\/wp\/v2\/users\/1"}],"replies":[{"embeddable":true,"href":"https:\/\/marierelieusedidees.fr\/index.php\/wp-json\/wp\/v2\/comments?post=17"}],"version-history":[{"count":24,"href":"https:\/\/marierelieusedidees.fr\/index.php\/wp-json\/wp\/v2\/pages\/17\/revisions"}],"predecessor-version":[{"id":777,"href":"https:\/\/marierelieusedidees.fr\/index.php\/wp-json\/wp\/v2\/pages\/17\/revisions\/777"}],"wp:attachment":[{"href":"https:\/\/marierelieusedidees.fr\/index.php\/wp-json\/wp\/v2\/media?parent=17"}],"curies":[{"name":"wp","href":"https:\/\/api.w.org\/{rel}","templated":true}]}}