{"id":34,"date":"2017-07-20T14:51:49","date_gmt":"2017-07-20T12:51:49","guid":{"rendered":"http:\/\/marierelkq.cluster023.hosting.ovh.net\/?page_id=34"},"modified":"2019-04-25T15:34:15","modified_gmt":"2019-04-25T13:34:15","slug":"points-of-sales","status":"publish","type":"page","link":"https:\/\/marierelieusedidees.fr\/index.php\/en\/points-of-sales\/","title":{"rendered":"Points of sales"},"content":{"rendered":"<p>In my workshop by appointment <a href=\"http:\/\/marierelkq.cluster023.hosting.ovh.net\/index.php\/contact\/\" target=\"_blank\" rel=\"noopener noreferrer\">contact<\/a><\/p>\n<ul>\n<li><a href=\"https:\/\/www.facebook.com\/Audalisque\/\">Audalisque<\/a>&nbsp;: 15 Rue Saint-Nicolas, 17000 La Rochelle<\/li>\n<li>Zantedesckia : 32 Rue des Fr\u00e8res Payraudeau, 85310 La Chaize-le-Vicomte<\/li>\n<li><a href=\"http:\/\/louyselarebelle.blogspot.fr\/\">Louyse La rebelle<\/a> :&nbsp;17 Rue Mathurin Brissonneau, 44100 Nantes<\/li>\n<li><a href=\"https:\/\/www.facebook.com\/laboutique85410\">La boutique du d\u00e9p\u00f4t<\/a><a href=\"http:\/\/www.les-bien-aimes.fr\/\">&nbsp;la Caill\u00e8re Saint Hilaire (85)<\/a>&nbsp;??<\/li>\n<\/ul>\n","protected":false},"excerpt":{"rendered":"<p>In my workshop by appointment contact Audalisque&nbsp;: 15 Rue Saint-Nicolas, 17000 La Rochelle Zantedesckia : 32 Rue des Fr\u00e8res Payraudeau, 85310 La Chaize-le-Vicomte Louyse La rebelle :&nbsp;17 Rue Mathurin Brissonneau, 44100 Nantes La boutique du d\u00e9p\u00f4t&nbsp;la Caill\u00e8re Saint Hilaire (85)&nbsp;??<\/p>\n","protected":false},"author":1,"featured_media":0,"parent":0,"menu_order":0,"comment_status":"closed","ping_status":"closed","template":"","meta":{"footnotes":""},"class_list":["post-34","page","type-page","status-publish","hentry"],"yoast_head":"<!-- This site is optimized with the Yoast SEO plugin v27.4 - https:\/\/yoast.com\/product\/yoast-seo-wordpress\/ -->\n<title>Points of sales - Marie Relieuse d&#039;Id\u00e9es<\/title>\n<meta name=\"robots\" content=\"index, follow, max-snippet:-1, max-image-preview:large, max-video-preview:-1\" \/>\n<link rel=\"canonical\" href=\"https:\/\/marierelieusedidees.fr\/index.php\/en\/points-of-sales\/\" \/>\n<meta property=\"og:locale\" content=\"fr_FR\" \/>\n<meta property=\"og:type\" content=\"article\" \/>\n<meta property=\"og:title\" content=\"Points of sales - Marie Relieuse d&#039;Id\u00e9es\" \/>\n<meta property=\"og:description\" content=\"In my workshop by appointment contact Audalisque&nbsp;: 15 Rue Saint-Nicolas, 17000 La Rochelle Zantedesckia : 32 Rue des Fr\u00e8res Payraudeau, 85310 La Chaize-le-Vicomte Louyse La rebelle :&nbsp;17 Rue Mathurin Brissonneau, 44100 Nantes La boutique du d\u00e9p\u00f4t&nbsp;la Caill\u00e8re Saint Hilaire (85)&nbsp;??\" \/>\n<meta property=\"og:url\" content=\"https:\/\/marierelieusedidees.fr\/index.php\/en\/points-of-sales\/\" \/>\n<meta property=\"og:site_name\" content=\"Marie Relieuse d&#039;Id\u00e9es\" \/>\n<meta property=\"article:modified_time\" content=\"2019-04-25T13:34:15+00:00\" \/>\n<meta name=\"twitter:card\" content=\"summary_large_image\" \/>\n<script type=\"application\/ld+json\" class=\"yoast-schema-graph\">{\"@context\":\"https:\\\/\\\/schema.org\",\"@graph\":[{\"@type\":\"WebPage\",\"@id\":\"https:\\\/\\\/marierelieusedidees.fr\\\/index.php\\\/en\\\/points-of-sales\\\/\",\"url\":\"https:\\\/\\\/marierelieusedidees.fr\\\/index.php\\\/en\\\/points-of-sales\\\/\",\"name\":\"Points of sales - Marie Relieuse d&#039;Id\u00e9es\",\"isPartOf\":{\"@id\":\"https:\\\/\\\/marierelieusedidees.fr\\\/#website\"},\"datePublished\":\"2017-07-20T12:51:49+00:00\",\"dateModified\":\"2019-04-25T13:34:15+00:00\",\"breadcrumb\":{\"@id\":\"https:\\\/\\\/marierelieusedidees.fr\\\/index.php\\\/en\\\/points-of-sales\\\/#breadcrumb\"},\"inLanguage\":\"fr-FR\",\"potentialAction\":[{\"@type\":\"ReadAction\",\"target\":[\"https:\\\/\\\/marierelieusedidees.fr\\\/index.php\\\/en\\\/points-of-sales\\\/\"]}]},{\"@type\":\"BreadcrumbList\",\"@id\":\"https:\\\/\\\/marierelieusedidees.fr\\\/index.php\\\/en\\\/points-of-sales\\\/#breadcrumb\",\"itemListElement\":[{\"@type\":\"ListItem\",\"position\":1,\"name\":\"Accueil\",\"item\":\"https:\\\/\\\/marierelieusedidees.fr\\\/\"},{\"@type\":\"ListItem\",\"position\":2,\"name\":\"Points of sales\"}]},{\"@type\":\"WebSite\",\"@id\":\"https:\\\/\\\/marierelieusedidees.fr\\\/#website\",\"url\":\"https:\\\/\\\/marierelieusedidees.fr\\\/\",\"name\":\"Marie Relieuse d&#039;Id\u00e9es\",\"description\":\"Marie Relieuse d&#039;Id\u00e9es\",\"publisher\":{\"@id\":\"https:\\\/\\\/marierelieusedidees.fr\\\/#organization\"},\"potentialAction\":[{\"@type\":\"SearchAction\",\"target\":{\"@type\":\"EntryPoint\",\"urlTemplate\":\"https:\\\/\\\/marierelieusedidees.fr\\\/?s={search_term_string}\"},\"query-input\":{\"@type\":\"PropertyValueSpecification\",\"valueRequired\":true,\"valueName\":\"search_term_string\"}}],\"inLanguage\":\"fr-FR\"},{\"@type\":\"Organization\",\"@id\":\"https:\\\/\\\/marierelieusedidees.fr\\\/#organization\",\"name\":\"marie relieuse d'id\u00e9es\",\"url\":\"https:\\\/\\\/marierelieusedidees.fr\\\/\",\"logo\":{\"@type\":\"ImageObject\",\"inLanguage\":\"fr-FR\",\"@id\":\"https:\\\/\\\/marierelieusedidees.fr\\\/#\\\/schema\\\/logo\\\/image\\\/\",\"url\":\"https:\\\/\\\/marierelieusedidees.fr\\\/wp-content\\\/uploads\\\/2017\\\/08\\\/2537442.jpg\",\"contentUrl\":\"https:\\\/\\\/marierelieusedidees.fr\\\/wp-content\\\/uploads\\\/2017\\\/08\\\/2537442.jpg\",\"width\":1200,\"height\":337,\"caption\":\"marie relieuse d'id\u00e9es\"},\"image\":{\"@id\":\"https:\\\/\\\/marierelieusedidees.fr\\\/#\\\/schema\\\/logo\\\/image\\\/\"}}]}<\/script>\n<!-- \/ Yoast SEO plugin. -->","yoast_head_json":{"title":"Points of sales - Marie Relieuse d&#039;Id\u00e9es","robots":{"index":"index","follow":"follow","max-snippet":"max-snippet:-1","max-image-preview":"max-image-preview:large","max-video-preview":"max-video-preview:-1"},"canonical":"https:\/\/marierelieusedidees.fr\/index.php\/en\/points-of-sales\/","og_locale":"fr_FR","og_type":"article","og_title":"Points of sales - Marie Relieuse d&#039;Id\u00e9es","og_description":"In my workshop by appointment contact Audalisque&nbsp;: 15 Rue Saint-Nicolas, 17000 La Rochelle Zantedesckia : 32 Rue des Fr\u00e8res Payraudeau, 85310 La Chaize-le-Vicomte Louyse La rebelle :&nbsp;17 Rue Mathurin Brissonneau, 44100 Nantes La boutique du d\u00e9p\u00f4t&nbsp;la Caill\u00e8re Saint Hilaire (85)&nbsp;??","og_url":"https:\/\/marierelieusedidees.fr\/index.php\/en\/points-of-sales\/","og_site_name":"Marie Relieuse d&#039;Id\u00e9es","article_modified_time":"2019-04-25T13:34:15+00:00","twitter_card":"summary_large_image","schema":{"@context":"https:\/\/schema.org","@graph":[{"@type":"WebPage","@id":"https:\/\/marierelieusedidees.fr\/index.php\/en\/points-of-sales\/","url":"https:\/\/marierelieusedidees.fr\/index.php\/en\/points-of-sales\/","name":"Points of sales - Marie Relieuse d&#039;Id\u00e9es","isPartOf":{"@id":"https:\/\/marierelieusedidees.fr\/#website"},"datePublished":"2017-07-20T12:51:49+00:00","dateModified":"2019-04-25T13:34:15+00:00","breadcrumb":{"@id":"https:\/\/marierelieusedidees.fr\/index.php\/en\/points-of-sales\/#breadcrumb"},"inLanguage":"fr-FR","potentialAction":[{"@type":"ReadAction","target":["https:\/\/marierelieusedidees.fr\/index.php\/en\/points-of-sales\/"]}]},{"@type":"BreadcrumbList","@id":"https:\/\/marierelieusedidees.fr\/index.php\/en\/points-of-sales\/#breadcrumb","itemListElement":[{"@type":"ListItem","position":1,"name":"Accueil","item":"https:\/\/marierelieusedidees.fr\/"},{"@type":"ListItem","position":2,"name":"Points of sales"}]},{"@type":"WebSite","@id":"https:\/\/marierelieusedidees.fr\/#website","url":"https:\/\/marierelieusedidees.fr\/","name":"Marie Relieuse d&#039;Id\u00e9es","description":"Marie Relieuse d&#039;Id\u00e9es","publisher":{"@id":"https:\/\/marierelieusedidees.fr\/#organization"},"potentialAction":[{"@type":"SearchAction","target":{"@type":"EntryPoint","urlTemplate":"https:\/\/marierelieusedidees.fr\/?s={search_term_string}"},"query-input":{"@type":"PropertyValueSpecification","valueRequired":true,"valueName":"search_term_string"}}],"inLanguage":"fr-FR"},{"@type":"Organization","@id":"https:\/\/marierelieusedidees.fr\/#organization","name":"marie relieuse d'id\u00e9es","url":"https:\/\/marierelieusedidees.fr\/","logo":{"@type":"ImageObject","inLanguage":"fr-FR","@id":"https:\/\/marierelieusedidees.fr\/#\/schema\/logo\/image\/","url":"https:\/\/marierelieusedidees.fr\/wp-content\/uploads\/2017\/08\/2537442.jpg","contentUrl":"https:\/\/marierelieusedidees.fr\/wp-content\/uploads\/2017\/08\/2537442.jpg","width":1200,"height":337,"caption":"marie relieuse d'id\u00e9es"},"image":{"@id":"https:\/\/marierelieusedidees.fr\/#\/schema\/logo\/image\/"}}]}},"_links":{"self":[{"href":"https:\/\/marierelieusedidees.fr\/index.php\/wp-json\/wp\/v2\/pages\/34","targetHints":{"allow":["GET"]}}],"collection":[{"href":"https:\/\/marierelieusedidees.fr\/index.php\/wp-json\/wp\/v2\/pages"}],"about":[{"href":"https:\/\/marierelieusedidees.fr\/index.php\/wp-json\/wp\/v2\/types\/page"}],"author":[{"embeddable":true,"href":"https:\/\/marierelieusedidees.fr\/index.php\/wp-json\/wp\/v2\/users\/1"}],"replies":[{"embeddable":true,"href":"https:\/\/marierelieusedidees.fr\/index.php\/wp-json\/wp\/v2\/comments?post=34"}],"version-history":[{"count":3,"href":"https:\/\/marierelieusedidees.fr\/index.php\/wp-json\/wp\/v2\/pages\/34\/revisions"}],"predecessor-version":[{"id":714,"href":"https:\/\/marierelieusedidees.fr\/index.php\/wp-json\/wp\/v2\/pages\/34\/revisions\/714"}],"wp:attachment":[{"href":"https:\/\/marierelieusedidees.fr\/index.php\/wp-json\/wp\/v2\/media?parent=34"}],"curies":[{"name":"wp","href":"https:\/\/api.w.org\/{rel}","templated":true}]}}