{"id":584,"date":"2019-04-23T18:02:40","date_gmt":"2019-04-23T16:02:40","guid":{"rendered":"https:\/\/marierelieusedidees.fr\/?page_id=584"},"modified":"2019-04-25T18:58:11","modified_gmt":"2019-04-25T16:58:11","slug":"voyages","status":"publish","type":"page","link":"https:\/\/marierelieusedidees.fr\/index.php\/mes-images\/voyages\/","title":{"rendered":"Voyages"},"content":{"rendered":"\n<p style=\"text-align:center\"><\/p>\n\n\n\n<p style=\"text-align:center\"><strong>Ce sont les carnets de tous les voyages: les contr\u00e9es lointaines; les rencontres humaines; ou en t\u00eate \u00e0 t\u00eate avec Soi .       <\/strong>                                                                    <\/p>\n\n\n\n<p><\/p>\n\n\n\n<ul class=\"wp-block-gallery columns-3 is-cropped wp-block-gallery-1 is-layout-flex wp-block-gallery-is-layout-flex\"><li class=\"blocks-gallery-item\"><figure><img loading=\"lazy\" decoding=\"async\" width=\"768\" height=\"1024\" src=\"https:\/\/marierelieusedidees.fr\/wp-content\/uploads\/2019\/04\/DSCN4000-2017_10_21-12_44_23-UTC-2017_10_22-10_26_45-UTC-768x1024.jpg\" alt=\"\" data-id=\"386\" data-link=\"https:\/\/marierelieusedidees.fr\/dscn4000-2017_10_21-12_44_23-utc-2017_10_22-10_26_45-utc\/\" class=\"wp-image-386\" srcset=\"https:\/\/marierelieusedidees.fr\/wp-content\/uploads\/2019\/04\/DSCN4000-2017_10_21-12_44_23-UTC-2017_10_22-10_26_45-UTC.jpg 768w, https:\/\/marierelieusedidees.fr\/wp-content\/uploads\/2019\/04\/DSCN4000-2017_10_21-12_44_23-UTC-2017_10_22-10_26_45-UTC-225x300.jpg 225w\" sizes=\"auto, (max-width: 768px) 100vw, 768px\" \/><\/figure><\/li><li class=\"blocks-gallery-item\"><figure><img loading=\"lazy\" decoding=\"async\" width=\"1024\" height=\"768\" src=\"https:\/\/marierelieusedidees.fr\/wp-content\/uploads\/2019\/04\/RELIURE-DECOUPAGE-MISE-EN-PAGE-3-2017_10_21-12_44_23-UTC-2017_10_22-10_26_45-UTC-1024x768.jpg\" alt=\"\" data-id=\"367\" data-link=\"https:\/\/marierelieusedidees.fr\/reliure-decoupage-mise-en-page-3-2017_10_21-12_44_23-utc-2017_10_22-10_26_45-utc\/\" class=\"wp-image-367\" srcset=\"https:\/\/marierelieusedidees.fr\/wp-content\/uploads\/2019\/04\/RELIURE-DECOUPAGE-MISE-EN-PAGE-3-2017_10_21-12_44_23-UTC-2017_10_22-10_26_45-UTC.jpg 1024w, https:\/\/marierelieusedidees.fr\/wp-content\/uploads\/2019\/04\/RELIURE-DECOUPAGE-MISE-EN-PAGE-3-2017_10_21-12_44_23-UTC-2017_10_22-10_26_45-UTC-300x225.jpg 300w, https:\/\/marierelieusedidees.fr\/wp-content\/uploads\/2019\/04\/RELIURE-DECOUPAGE-MISE-EN-PAGE-3-2017_10_21-12_44_23-UTC-2017_10_22-10_26_45-UTC-768x576.jpg 768w\" sizes=\"auto, (max-width: 1024px) 100vw, 1024px\" \/><\/figure><\/li><li class=\"blocks-gallery-item\"><figure><img loading=\"lazy\" decoding=\"async\" width=\"1024\" height=\"768\" src=\"https:\/\/marierelieusedidees.fr\/wp-content\/uploads\/2019\/04\/mois-de-mars-avril-038-2017_10_21-12_44_23-UTC-2017_10_22-10_26_45-UTC-1024x768.jpg\" alt=\"\" data-id=\"377\" data-link=\"https:\/\/marierelieusedidees.fr\/mois-de-mars-avril-038-2017_10_21-12_44_23-utc-2017_10_22-10_26_45-utc\/\" class=\"wp-image-377\" srcset=\"https:\/\/marierelieusedidees.fr\/wp-content\/uploads\/2019\/04\/mois-de-mars-avril-038-2017_10_21-12_44_23-UTC-2017_10_22-10_26_45-UTC.jpg 1024w, https:\/\/marierelieusedidees.fr\/wp-content\/uploads\/2019\/04\/mois-de-mars-avril-038-2017_10_21-12_44_23-UTC-2017_10_22-10_26_45-UTC-300x225.jpg 300w, https:\/\/marierelieusedidees.fr\/wp-content\/uploads\/2019\/04\/mois-de-mars-avril-038-2017_10_21-12_44_23-UTC-2017_10_22-10_26_45-UTC-768x576.jpg 768w\" sizes=\"auto, (max-width: 1024px) 100vw, 1024px\" \/><\/figure><\/li><li class=\"blocks-gallery-item\"><figure><img loading=\"lazy\" decoding=\"async\" width=\"1024\" height=\"768\" src=\"https:\/\/marierelieusedidees.fr\/wp-content\/uploads\/2019\/04\/Photo-116-2017_10_21-12_44_23-UTC-2017_10_22-10_26_45-UTC-1024x768.jpg\" alt=\"\" data-id=\"376\" data-link=\"https:\/\/marierelieusedidees.fr\/photo-116-2017_10_21-12_44_23-utc-2017_10_22-10_26_45-utc\/\" class=\"wp-image-376\" srcset=\"https:\/\/marierelieusedidees.fr\/wp-content\/uploads\/2019\/04\/Photo-116-2017_10_21-12_44_23-UTC-2017_10_22-10_26_45-UTC-1024x768.jpg 1024w, https:\/\/marierelieusedidees.fr\/wp-content\/uploads\/2019\/04\/Photo-116-2017_10_21-12_44_23-UTC-2017_10_22-10_26_45-UTC-300x225.jpg 300w, https:\/\/marierelieusedidees.fr\/wp-content\/uploads\/2019\/04\/Photo-116-2017_10_21-12_44_23-UTC-2017_10_22-10_26_45-UTC-768x576.jpg 768w, https:\/\/marierelieusedidees.fr\/wp-content\/uploads\/2019\/04\/Photo-116-2017_10_21-12_44_23-UTC-2017_10_22-10_26_45-UTC.jpg 1280w\" sizes=\"auto, (max-width: 1024px) 100vw, 1024px\" \/><\/figure><\/li><li class=\"blocks-gallery-item\"><figure><img loading=\"lazy\" decoding=\"async\" width=\"1024\" height=\"768\" src=\"https:\/\/marierelieusedidees.fr\/wp-content\/uploads\/2019\/04\/Photo-111-2017_10_21-12_44_23-UTC-2017_10_22-10_26_45-UTC-1024x768.jpg\" alt=\"\" data-id=\"375\" data-link=\"https:\/\/marierelieusedidees.fr\/photo-111-2017_10_21-12_44_23-utc-2017_10_22-10_26_45-utc\/\" class=\"wp-image-375\" srcset=\"https:\/\/marierelieusedidees.fr\/wp-content\/uploads\/2019\/04\/Photo-111-2017_10_21-12_44_23-UTC-2017_10_22-10_26_45-UTC-1024x768.jpg 1024w, https:\/\/marierelieusedidees.fr\/wp-content\/uploads\/2019\/04\/Photo-111-2017_10_21-12_44_23-UTC-2017_10_22-10_26_45-UTC-300x225.jpg 300w, https:\/\/marierelieusedidees.fr\/wp-content\/uploads\/2019\/04\/Photo-111-2017_10_21-12_44_23-UTC-2017_10_22-10_26_45-UTC-768x576.jpg 768w, https:\/\/marierelieusedidees.fr\/wp-content\/uploads\/2019\/04\/Photo-111-2017_10_21-12_44_23-UTC-2017_10_22-10_26_45-UTC.jpg 1280w\" sizes=\"auto, (max-width: 1024px) 100vw, 1024px\" \/><\/figure><\/li><li class=\"blocks-gallery-item\"><figure><img loading=\"lazy\" decoding=\"async\" width=\"1024\" height=\"768\" src=\"https:\/\/marierelieusedidees.fr\/wp-content\/uploads\/2019\/04\/DSCN7482-2017_10_21-12_44_23-UTC-2017_10_22-10_26_45-UTC-1024x768.jpg\" alt=\"\" data-id=\"374\" data-link=\"https:\/\/marierelieusedidees.fr\/dscn7482-2017_10_21-12_44_23-utc-2017_10_22-10_26_45-utc\/\" class=\"wp-image-374\" srcset=\"https:\/\/marierelieusedidees.fr\/wp-content\/uploads\/2019\/04\/DSCN7482-2017_10_21-12_44_23-UTC-2017_10_22-10_26_45-UTC-1024x768.jpg 1024w, https:\/\/marierelieusedidees.fr\/wp-content\/uploads\/2019\/04\/DSCN7482-2017_10_21-12_44_23-UTC-2017_10_22-10_26_45-UTC-300x225.jpg 300w, https:\/\/marierelieusedidees.fr\/wp-content\/uploads\/2019\/04\/DSCN7482-2017_10_21-12_44_23-UTC-2017_10_22-10_26_45-UTC-768x576.jpg 768w\" sizes=\"auto, (max-width: 1024px) 100vw, 1024px\" \/><\/figure><\/li><li class=\"blocks-gallery-item\"><figure><img loading=\"lazy\" decoding=\"async\" width=\"1024\" height=\"768\" src=\"https:\/\/marierelieusedidees.fr\/wp-content\/uploads\/2019\/04\/DSCN8662-2017_10_21-12_44_23-UTC-2017_10_22-10_26_45-UTC-1024x768.jpg\" alt=\"\" data-id=\"373\" data-link=\"https:\/\/marierelieusedidees.fr\/dscn8662-2017_10_21-12_44_23-utc-2017_10_22-10_26_45-utc\/\" class=\"wp-image-373\" srcset=\"https:\/\/marierelieusedidees.fr\/wp-content\/uploads\/2019\/04\/DSCN8662-2017_10_21-12_44_23-UTC-2017_10_22-10_26_45-UTC.jpg 1024w, https:\/\/marierelieusedidees.fr\/wp-content\/uploads\/2019\/04\/DSCN8662-2017_10_21-12_44_23-UTC-2017_10_22-10_26_45-UTC-300x225.jpg 300w, https:\/\/marierelieusedidees.fr\/wp-content\/uploads\/2019\/04\/DSCN8662-2017_10_21-12_44_23-UTC-2017_10_22-10_26_45-UTC-768x576.jpg 768w\" sizes=\"auto, (max-width: 1024px) 100vw, 1024px\" \/><\/figure><\/li><li class=\"blocks-gallery-item\"><figure><img loading=\"lazy\" decoding=\"async\" width=\"1024\" height=\"768\" src=\"https:\/\/marierelieusedidees.fr\/wp-content\/uploads\/2019\/04\/DSCN2673-2017_10_21-12_44_23-UTC-2017_10_22-10_26_45-UTC-1024x768.jpg\" alt=\"\" data-id=\"344\" data-link=\"https:\/\/marierelieusedidees.fr\/index.php\/mes-images\/dscn2673-2017_10_21-12_44_23-utc-2017_10_22-10_26_45-utc\/\" class=\"wp-image-344\" srcset=\"https:\/\/marierelieusedidees.fr\/wp-content\/uploads\/2019\/04\/DSCN2673-2017_10_21-12_44_23-UTC-2017_10_22-10_26_45-UTC.jpg 1024w, https:\/\/marierelieusedidees.fr\/wp-content\/uploads\/2019\/04\/DSCN2673-2017_10_21-12_44_23-UTC-2017_10_22-10_26_45-UTC-300x225.jpg 300w, https:\/\/marierelieusedidees.fr\/wp-content\/uploads\/2019\/04\/DSCN2673-2017_10_21-12_44_23-UTC-2017_10_22-10_26_45-UTC-768x576.jpg 768w\" sizes=\"auto, (max-width: 1024px) 100vw, 1024px\" \/><\/figure><\/li><li class=\"blocks-gallery-item\"><figure><img loading=\"lazy\" decoding=\"async\" width=\"768\" height=\"1024\" src=\"https:\/\/marierelieusedidees.fr\/wp-content\/uploads\/2019\/04\/DSCN5825-2017_10_21-12_44_23-UTC-2017_10_22-10_26_45-UTC-768x1024.jpg\" alt=\"\" data-id=\"301\" data-link=\"https:\/\/marierelieusedidees.fr\/index.php\/mes-images\/dscn5825-2017_10_21-12_44_23-utc-2017_10_22-10_26_45-utc\/\" class=\"wp-image-301\" srcset=\"https:\/\/marierelieusedidees.fr\/wp-content\/uploads\/2019\/04\/DSCN5825-2017_10_21-12_44_23-UTC-2017_10_22-10_26_45-UTC.jpg 768w, https:\/\/marierelieusedidees.fr\/wp-content\/uploads\/2019\/04\/DSCN5825-2017_10_21-12_44_23-UTC-2017_10_22-10_26_45-UTC-225x300.jpg 225w\" sizes=\"auto, (max-width: 768px) 100vw, 768px\" \/><\/figure><\/li><li class=\"blocks-gallery-item\"><figure><img loading=\"lazy\" decoding=\"async\" width=\"1024\" height=\"768\" src=\"https:\/\/marierelieusedidees.fr\/wp-content\/uploads\/2019\/04\/DSCN5786-2017_10_21-12_44_23-UTC-2017_10_22-10_26_45-UTC-1024x768.jpg\" alt=\"\" data-id=\"299\" data-link=\"https:\/\/marierelieusedidees.fr\/index.php\/mes-images\/dscn5786-2017_10_21-12_44_23-utc-2017_10_22-10_26_45-utc\/\" class=\"wp-image-299\" srcset=\"https:\/\/marierelieusedidees.fr\/wp-content\/uploads\/2019\/04\/DSCN5786-2017_10_21-12_44_23-UTC-2017_10_22-10_26_45-UTC.jpg 1024w, https:\/\/marierelieusedidees.fr\/wp-content\/uploads\/2019\/04\/DSCN5786-2017_10_21-12_44_23-UTC-2017_10_22-10_26_45-UTC-300x225.jpg 300w, https:\/\/marierelieusedidees.fr\/wp-content\/uploads\/2019\/04\/DSCN5786-2017_10_21-12_44_23-UTC-2017_10_22-10_26_45-UTC-768x576.jpg 768w\" sizes=\"auto, (max-width: 1024px) 100vw, 1024px\" \/><\/figure><\/li><li class=\"blocks-gallery-item\"><figure><img loading=\"lazy\" decoding=\"async\" width=\"1024\" height=\"768\" src=\"https:\/\/marierelieusedidees.fr\/wp-content\/uploads\/2019\/04\/DSCN5783-2017_10_21-12_44_23-UTC-2017_10_22-10_26_45-UTC-1024x768.jpg\" alt=\"\" data-id=\"298\" data-link=\"https:\/\/marierelieusedidees.fr\/index.php\/mes-images\/dscn5783-2017_10_21-12_44_23-utc-2017_10_22-10_26_45-utc\/\" class=\"wp-image-298\" srcset=\"https:\/\/marierelieusedidees.fr\/wp-content\/uploads\/2019\/04\/DSCN5783-2017_10_21-12_44_23-UTC-2017_10_22-10_26_45-UTC.jpg 1024w, https:\/\/marierelieusedidees.fr\/wp-content\/uploads\/2019\/04\/DSCN5783-2017_10_21-12_44_23-UTC-2017_10_22-10_26_45-UTC-300x225.jpg 300w, https:\/\/marierelieusedidees.fr\/wp-content\/uploads\/2019\/04\/DSCN5783-2017_10_21-12_44_23-UTC-2017_10_22-10_26_45-UTC-768x576.jpg 768w\" sizes=\"auto, (max-width: 1024px) 100vw, 1024px\" \/><\/figure><\/li><li class=\"blocks-gallery-item\"><figure><img loading=\"lazy\" decoding=\"async\" width=\"1024\" height=\"768\" src=\"https:\/\/marierelieusedidees.fr\/wp-content\/uploads\/2019\/04\/DSCN2886-2017_10_21-12_44_23-UTC-2017_10_22-10_26_45-UTC-1024x768.jpg\" alt=\"\" data-id=\"289\" data-link=\"https:\/\/marierelieusedidees.fr\/index.php\/mes-images\/dscn2886-2017_10_21-12_44_23-utc-2017_10_22-10_26_45-utc\/\" class=\"wp-image-289\" srcset=\"https:\/\/marierelieusedidees.fr\/wp-content\/uploads\/2019\/04\/DSCN2886-2017_10_21-12_44_23-UTC-2017_10_22-10_26_45-UTC.jpg 1024w, https:\/\/marierelieusedidees.fr\/wp-content\/uploads\/2019\/04\/DSCN2886-2017_10_21-12_44_23-UTC-2017_10_22-10_26_45-UTC-300x225.jpg 300w, https:\/\/marierelieusedidees.fr\/wp-content\/uploads\/2019\/04\/DSCN2886-2017_10_21-12_44_23-UTC-2017_10_22-10_26_45-UTC-768x576.jpg 768w\" sizes=\"auto, (max-width: 1024px) 100vw, 1024px\" \/><\/figure><\/li><li class=\"blocks-gallery-item\"><figure><img loading=\"lazy\" decoding=\"async\" width=\"1024\" height=\"768\" src=\"https:\/\/marierelieusedidees.fr\/wp-content\/uploads\/2019\/04\/DSCN2875-2017_10_21-12_44_23-UTC-2017_10_22-10_26_45-UTC-1024x768.jpg\" alt=\"\" data-id=\"285\" data-link=\"https:\/\/marierelieusedidees.fr\/index.php\/mes-images\/dscn2875-2017_10_21-12_44_23-utc-2017_10_22-10_26_45-utc\/\" class=\"wp-image-285\" srcset=\"https:\/\/marierelieusedidees.fr\/wp-content\/uploads\/2019\/04\/DSCN2875-2017_10_21-12_44_23-UTC-2017_10_22-10_26_45-UTC.jpg 1024w, https:\/\/marierelieusedidees.fr\/wp-content\/uploads\/2019\/04\/DSCN2875-2017_10_21-12_44_23-UTC-2017_10_22-10_26_45-UTC-300x225.jpg 300w, https:\/\/marierelieusedidees.fr\/wp-content\/uploads\/2019\/04\/DSCN2875-2017_10_21-12_44_23-UTC-2017_10_22-10_26_45-UTC-768x576.jpg 768w\" sizes=\"auto, (max-width: 1024px) 100vw, 1024px\" \/><\/figure><\/li><li class=\"blocks-gallery-item\"><figure><img loading=\"lazy\" decoding=\"async\" width=\"1024\" height=\"768\" src=\"https:\/\/marierelieusedidees.fr\/wp-content\/uploads\/2019\/04\/DSCN2872-2017_10_21-12_44_23-UTC-2017_10_22-10_26_45-UTC-1024x768.jpg\" alt=\"\" data-id=\"287\" data-link=\"https:\/\/marierelieusedidees.fr\/index.php\/mes-images\/dscn2872-2017_10_21-12_44_23-utc-2017_10_22-10_26_45-utc\/\" class=\"wp-image-287\" srcset=\"https:\/\/marierelieusedidees.fr\/wp-content\/uploads\/2019\/04\/DSCN2872-2017_10_21-12_44_23-UTC-2017_10_22-10_26_45-UTC.jpg 1024w, https:\/\/marierelieusedidees.fr\/wp-content\/uploads\/2019\/04\/DSCN2872-2017_10_21-12_44_23-UTC-2017_10_22-10_26_45-UTC-300x225.jpg 300w, https:\/\/marierelieusedidees.fr\/wp-content\/uploads\/2019\/04\/DSCN2872-2017_10_21-12_44_23-UTC-2017_10_22-10_26_45-UTC-768x576.jpg 768w\" sizes=\"auto, (max-width: 1024px) 100vw, 1024px\" \/><\/figure><\/li><li class=\"blocks-gallery-item\"><figure><img loading=\"lazy\" decoding=\"async\" width=\"1024\" height=\"768\" src=\"https:\/\/marierelieusedidees.fr\/wp-content\/uploads\/2019\/04\/DSCN5818-2017_10_21-12_44_23-UTC-2017_10_22-10_26_45-UTC-1024x768.jpg\" alt=\"\" data-id=\"300\" data-link=\"https:\/\/marierelieusedidees.fr\/index.php\/mes-images\/dscn5818-2017_10_21-12_44_23-utc-2017_10_22-10_26_45-utc\/\" class=\"wp-image-300\" srcset=\"https:\/\/marierelieusedidees.fr\/wp-content\/uploads\/2019\/04\/DSCN5818-2017_10_21-12_44_23-UTC-2017_10_22-10_26_45-UTC.jpg 1024w, https:\/\/marierelieusedidees.fr\/wp-content\/uploads\/2019\/04\/DSCN5818-2017_10_21-12_44_23-UTC-2017_10_22-10_26_45-UTC-300x225.jpg 300w, https:\/\/marierelieusedidees.fr\/wp-content\/uploads\/2019\/04\/DSCN5818-2017_10_21-12_44_23-UTC-2017_10_22-10_26_45-UTC-768x576.jpg 768w\" sizes=\"auto, (max-width: 1024px) 100vw, 1024px\" \/><\/figure><\/li><\/ul>\n","protected":false},"excerpt":{"rendered":"<p>Ce sont les carnets de tous les voyages: les contr\u00e9es lointaines; les rencontres humaines; ou en t\u00eate \u00e0 t\u00eate avec Soi .<\/p>\n","protected":false},"author":3,"featured_media":386,"parent":201,"menu_order":0,"comment_status":"closed","ping_status":"closed","template":"","meta":{"footnotes":""},"class_list":["post-584","page","type-page","status-publish","has-post-thumbnail","hentry"],"yoast_head":"<!-- This site is optimized with the Yoast SEO plugin v27.4 - https:\/\/yoast.com\/product\/yoast-seo-wordpress\/ -->\n<title>Voyages - Marie Relieuse d&#039;Id\u00e9es<\/title>\n<meta name=\"robots\" content=\"index, follow, max-snippet:-1, max-image-preview:large, max-video-preview:-1\" \/>\n<link rel=\"canonical\" href=\"https:\/\/marierelieusedidees.fr\/index.php\/mes-images\/voyages\/\" \/>\n<meta property=\"og:locale\" content=\"fr_FR\" \/>\n<meta property=\"og:type\" content=\"article\" \/>\n<meta property=\"og:title\" content=\"Voyages - Marie Relieuse d&#039;Id\u00e9es\" \/>\n<meta property=\"og:description\" content=\"Ce sont les carnets de tous les voyages: les contr\u00e9es lointaines; les rencontres humaines; ou en t\u00eate \u00e0 t\u00eate avec Soi .\" \/>\n<meta property=\"og:url\" content=\"https:\/\/marierelieusedidees.fr\/index.php\/mes-images\/voyages\/\" \/>\n<meta property=\"og:site_name\" content=\"Marie Relieuse d&#039;Id\u00e9es\" \/>\n<meta property=\"article:modified_time\" content=\"2019-04-25T16:58:11+00:00\" \/>\n<meta property=\"og:image\" content=\"https:\/\/marierelieusedidees.fr\/wp-content\/uploads\/2019\/04\/DSCN4000-2017_10_21-12_44_23-UTC-2017_10_22-10_26_45-UTC.jpg\" \/>\n\t<meta property=\"og:image:width\" content=\"768\" \/>\n\t<meta property=\"og:image:height\" content=\"1024\" \/>\n\t<meta property=\"og:image:type\" content=\"image\/jpeg\" \/>\n<meta name=\"twitter:card\" content=\"summary_large_image\" \/>\n<script type=\"application\/ld+json\" class=\"yoast-schema-graph\">{\"@context\":\"https:\\\/\\\/schema.org\",\"@graph\":[{\"@type\":\"WebPage\",\"@id\":\"https:\\\/\\\/marierelieusedidees.fr\\\/index.php\\\/mes-images\\\/voyages\\\/\",\"url\":\"https:\\\/\\\/marierelieusedidees.fr\\\/index.php\\\/mes-images\\\/voyages\\\/\",\"name\":\"Voyages - Marie Relieuse d&#039;Id\u00e9es\",\"isPartOf\":{\"@id\":\"https:\\\/\\\/marierelieusedidees.fr\\\/#website\"},\"primaryImageOfPage\":{\"@id\":\"https:\\\/\\\/marierelieusedidees.fr\\\/index.php\\\/mes-images\\\/voyages\\\/#primaryimage\"},\"image\":{\"@id\":\"https:\\\/\\\/marierelieusedidees.fr\\\/index.php\\\/mes-images\\\/voyages\\\/#primaryimage\"},\"thumbnailUrl\":\"https:\\\/\\\/marierelieusedidees.fr\\\/wp-content\\\/uploads\\\/2019\\\/04\\\/DSCN4000-2017_10_21-12_44_23-UTC-2017_10_22-10_26_45-UTC.jpg\",\"datePublished\":\"2019-04-23T16:02:40+00:00\",\"dateModified\":\"2019-04-25T16:58:11+00:00\",\"breadcrumb\":{\"@id\":\"https:\\\/\\\/marierelieusedidees.fr\\\/index.php\\\/mes-images\\\/voyages\\\/#breadcrumb\"},\"inLanguage\":\"fr-FR\",\"potentialAction\":[{\"@type\":\"ReadAction\",\"target\":[\"https:\\\/\\\/marierelieusedidees.fr\\\/index.php\\\/mes-images\\\/voyages\\\/\"]}]},{\"@type\":\"ImageObject\",\"inLanguage\":\"fr-FR\",\"@id\":\"https:\\\/\\\/marierelieusedidees.fr\\\/index.php\\\/mes-images\\\/voyages\\\/#primaryimage\",\"url\":\"https:\\\/\\\/marierelieusedidees.fr\\\/wp-content\\\/uploads\\\/2019\\\/04\\\/DSCN4000-2017_10_21-12_44_23-UTC-2017_10_22-10_26_45-UTC.jpg\",\"contentUrl\":\"https:\\\/\\\/marierelieusedidees.fr\\\/wp-content\\\/uploads\\\/2019\\\/04\\\/DSCN4000-2017_10_21-12_44_23-UTC-2017_10_22-10_26_45-UTC.jpg\",\"width\":768,\"height\":1024},{\"@type\":\"BreadcrumbList\",\"@id\":\"https:\\\/\\\/marierelieusedidees.fr\\\/index.php\\\/mes-images\\\/voyages\\\/#breadcrumb\",\"itemListElement\":[{\"@type\":\"ListItem\",\"position\":1,\"name\":\"Accueil\",\"item\":\"https:\\\/\\\/marierelieusedidees.fr\\\/\"},{\"@type\":\"ListItem\",\"position\":2,\"name\":\"Portfolio\",\"item\":\"https:\\\/\\\/marierelieusedidees.fr\\\/index.php\\\/mes-images\\\/\"},{\"@type\":\"ListItem\",\"position\":3,\"name\":\"Voyages\"}]},{\"@type\":\"WebSite\",\"@id\":\"https:\\\/\\\/marierelieusedidees.fr\\\/#website\",\"url\":\"https:\\\/\\\/marierelieusedidees.fr\\\/\",\"name\":\"Marie Relieuse d&#039;Id\u00e9es\",\"description\":\"Marie Relieuse d&#039;Id\u00e9es\",\"publisher\":{\"@id\":\"https:\\\/\\\/marierelieusedidees.fr\\\/#organization\"},\"potentialAction\":[{\"@type\":\"SearchAction\",\"target\":{\"@type\":\"EntryPoint\",\"urlTemplate\":\"https:\\\/\\\/marierelieusedidees.fr\\\/?s={search_term_string}\"},\"query-input\":{\"@type\":\"PropertyValueSpecification\",\"valueRequired\":true,\"valueName\":\"search_term_string\"}}],\"inLanguage\":\"fr-FR\"},{\"@type\":\"Organization\",\"@id\":\"https:\\\/\\\/marierelieusedidees.fr\\\/#organization\",\"name\":\"marie relieuse d'id\u00e9es\",\"url\":\"https:\\\/\\\/marierelieusedidees.fr\\\/\",\"logo\":{\"@type\":\"ImageObject\",\"inLanguage\":\"fr-FR\",\"@id\":\"https:\\\/\\\/marierelieusedidees.fr\\\/#\\\/schema\\\/logo\\\/image\\\/\",\"url\":\"https:\\\/\\\/marierelieusedidees.fr\\\/wp-content\\\/uploads\\\/2017\\\/08\\\/2537442.jpg\",\"contentUrl\":\"https:\\\/\\\/marierelieusedidees.fr\\\/wp-content\\\/uploads\\\/2017\\\/08\\\/2537442.jpg\",\"width\":1200,\"height\":337,\"caption\":\"marie relieuse d'id\u00e9es\"},\"image\":{\"@id\":\"https:\\\/\\\/marierelieusedidees.fr\\\/#\\\/schema\\\/logo\\\/image\\\/\"}}]}<\/script>\n<!-- \/ Yoast SEO plugin. -->","yoast_head_json":{"title":"Voyages - Marie Relieuse d&#039;Id\u00e9es","robots":{"index":"index","follow":"follow","max-snippet":"max-snippet:-1","max-image-preview":"max-image-preview:large","max-video-preview":"max-video-preview:-1"},"canonical":"https:\/\/marierelieusedidees.fr\/index.php\/mes-images\/voyages\/","og_locale":"fr_FR","og_type":"article","og_title":"Voyages - Marie Relieuse d&#039;Id\u00e9es","og_description":"Ce sont les carnets de tous les voyages: les contr\u00e9es lointaines; les rencontres humaines; ou en t\u00eate \u00e0 t\u00eate avec Soi .","og_url":"https:\/\/marierelieusedidees.fr\/index.php\/mes-images\/voyages\/","og_site_name":"Marie Relieuse d&#039;Id\u00e9es","article_modified_time":"2019-04-25T16:58:11+00:00","og_image":[{"width":768,"height":1024,"url":"https:\/\/marierelieusedidees.fr\/wp-content\/uploads\/2019\/04\/DSCN4000-2017_10_21-12_44_23-UTC-2017_10_22-10_26_45-UTC.jpg","type":"image\/jpeg"}],"twitter_card":"summary_large_image","schema":{"@context":"https:\/\/schema.org","@graph":[{"@type":"WebPage","@id":"https:\/\/marierelieusedidees.fr\/index.php\/mes-images\/voyages\/","url":"https:\/\/marierelieusedidees.fr\/index.php\/mes-images\/voyages\/","name":"Voyages - Marie Relieuse d&#039;Id\u00e9es","isPartOf":{"@id":"https:\/\/marierelieusedidees.fr\/#website"},"primaryImageOfPage":{"@id":"https:\/\/marierelieusedidees.fr\/index.php\/mes-images\/voyages\/#primaryimage"},"image":{"@id":"https:\/\/marierelieusedidees.fr\/index.php\/mes-images\/voyages\/#primaryimage"},"thumbnailUrl":"https:\/\/marierelieusedidees.fr\/wp-content\/uploads\/2019\/04\/DSCN4000-2017_10_21-12_44_23-UTC-2017_10_22-10_26_45-UTC.jpg","datePublished":"2019-04-23T16:02:40+00:00","dateModified":"2019-04-25T16:58:11+00:00","breadcrumb":{"@id":"https:\/\/marierelieusedidees.fr\/index.php\/mes-images\/voyages\/#breadcrumb"},"inLanguage":"fr-FR","potentialAction":[{"@type":"ReadAction","target":["https:\/\/marierelieusedidees.fr\/index.php\/mes-images\/voyages\/"]}]},{"@type":"ImageObject","inLanguage":"fr-FR","@id":"https:\/\/marierelieusedidees.fr\/index.php\/mes-images\/voyages\/#primaryimage","url":"https:\/\/marierelieusedidees.fr\/wp-content\/uploads\/2019\/04\/DSCN4000-2017_10_21-12_44_23-UTC-2017_10_22-10_26_45-UTC.jpg","contentUrl":"https:\/\/marierelieusedidees.fr\/wp-content\/uploads\/2019\/04\/DSCN4000-2017_10_21-12_44_23-UTC-2017_10_22-10_26_45-UTC.jpg","width":768,"height":1024},{"@type":"BreadcrumbList","@id":"https:\/\/marierelieusedidees.fr\/index.php\/mes-images\/voyages\/#breadcrumb","itemListElement":[{"@type":"ListItem","position":1,"name":"Accueil","item":"https:\/\/marierelieusedidees.fr\/"},{"@type":"ListItem","position":2,"name":"Portfolio","item":"https:\/\/marierelieusedidees.fr\/index.php\/mes-images\/"},{"@type":"ListItem","position":3,"name":"Voyages"}]},{"@type":"WebSite","@id":"https:\/\/marierelieusedidees.fr\/#website","url":"https:\/\/marierelieusedidees.fr\/","name":"Marie Relieuse d&#039;Id\u00e9es","description":"Marie Relieuse d&#039;Id\u00e9es","publisher":{"@id":"https:\/\/marierelieusedidees.fr\/#organization"},"potentialAction":[{"@type":"SearchAction","target":{"@type":"EntryPoint","urlTemplate":"https:\/\/marierelieusedidees.fr\/?s={search_term_string}"},"query-input":{"@type":"PropertyValueSpecification","valueRequired":true,"valueName":"search_term_string"}}],"inLanguage":"fr-FR"},{"@type":"Organization","@id":"https:\/\/marierelieusedidees.fr\/#organization","name":"marie relieuse d'id\u00e9es","url":"https:\/\/marierelieusedidees.fr\/","logo":{"@type":"ImageObject","inLanguage":"fr-FR","@id":"https:\/\/marierelieusedidees.fr\/#\/schema\/logo\/image\/","url":"https:\/\/marierelieusedidees.fr\/wp-content\/uploads\/2017\/08\/2537442.jpg","contentUrl":"https:\/\/marierelieusedidees.fr\/wp-content\/uploads\/2017\/08\/2537442.jpg","width":1200,"height":337,"caption":"marie relieuse d'id\u00e9es"},"image":{"@id":"https:\/\/marierelieusedidees.fr\/#\/schema\/logo\/image\/"}}]}},"_links":{"self":[{"href":"https:\/\/marierelieusedidees.fr\/index.php\/wp-json\/wp\/v2\/pages\/584","targetHints":{"allow":["GET"]}}],"collection":[{"href":"https:\/\/marierelieusedidees.fr\/index.php\/wp-json\/wp\/v2\/pages"}],"about":[{"href":"https:\/\/marierelieusedidees.fr\/index.php\/wp-json\/wp\/v2\/types\/page"}],"author":[{"embeddable":true,"href":"https:\/\/marierelieusedidees.fr\/index.php\/wp-json\/wp\/v2\/users\/3"}],"replies":[{"embeddable":true,"href":"https:\/\/marierelieusedidees.fr\/index.php\/wp-json\/wp\/v2\/comments?post=584"}],"version-history":[{"count":14,"href":"https:\/\/marierelieusedidees.fr\/index.php\/wp-json\/wp\/v2\/pages\/584\/revisions"}],"predecessor-version":[{"id":766,"href":"https:\/\/marierelieusedidees.fr\/index.php\/wp-json\/wp\/v2\/pages\/584\/revisions\/766"}],"up":[{"embeddable":true,"href":"https:\/\/marierelieusedidees.fr\/index.php\/wp-json\/wp\/v2\/pages\/201"}],"wp:featuredmedia":[{"embeddable":true,"href":"https:\/\/marierelieusedidees.fr\/index.php\/wp-json\/wp\/v2\/media\/386"}],"wp:attachment":[{"href":"https:\/\/marierelieusedidees.fr\/index.php\/wp-json\/wp\/v2\/media?parent=584"}],"curies":[{"name":"wp","href":"https:\/\/api.w.org\/{rel}","templated":true}]}}