{"id":595,"date":"2019-04-23T18:24:18","date_gmt":"2019-04-23T16:24:18","guid":{"rendered":"https:\/\/marierelieusedidees.fr\/?page_id=595"},"modified":"2019-04-25T15:10:48","modified_gmt":"2019-04-25T13:10:48","slug":"bijoux","status":"publish","type":"page","link":"https:\/\/marierelieusedidees.fr\/index.php\/mes-images\/bijoux\/","title":{"rendered":"Bijoux"},"content":{"rendered":"\n<p>C&rsquo;est avec du papier que je cr\u00e9e des bijoux carnets,  et autres petites fantaisies poissons&#8230; Chaque boucle est vernie et \u00e9quip\u00e9e d&rsquo;un petit fermoir. avec ces protections , on peut les conserver longtemps. <\/p>\n\n\n\n<p>Toutes les fantaisies possibles avec le papier de votre choix<\/p>\n\n\n\n<ul class=\"wp-block-gallery columns-3 is-cropped wp-block-gallery-1 is-layout-flex wp-block-gallery-is-layout-flex\"><li class=\"blocks-gallery-item\"><figure><img loading=\"lazy\" decoding=\"async\" width=\"1024\" height=\"768\" src=\"https:\/\/marierelieusedidees.fr\/wp-content\/uploads\/2018\/04\/ARABESQUE-MULTICOLORE-2017_10_21-12_44_23-UTC-2017_10_22-10_26_45-UTC-1024x768.jpg\" alt=\"\" data-id=\"193\" data-link=\"https:\/\/marierelieusedidees.fr\/index.php\/tarifs\/arabesque-multicolore-2017_10_21-12_44_23-utc-2017_10_22-10_26_45-utc\/\" class=\"wp-image-193\"\/><\/figure><\/li><li class=\"blocks-gallery-item\"><figure><img loading=\"lazy\" decoding=\"async\" width=\"1024\" height=\"768\" src=\"https:\/\/marierelieusedidees.fr\/wp-content\/uploads\/2018\/04\/Photo-074-2017_10_21-12_44_23-UTC-2017_10_22-10_26_45-UTC-1024x768.jpg\" alt=\"\" data-id=\"196\" data-link=\"https:\/\/marierelieusedidees.fr\/index.php\/tarifs\/photo-074-2017_10_21-12_44_23-utc-2017_10_22-10_26_45-utc\/\" class=\"wp-image-196\" srcset=\"https:\/\/marierelieusedidees.fr\/wp-content\/uploads\/2018\/04\/Photo-074-2017_10_21-12_44_23-UTC-2017_10_22-10_26_45-UTC-1024x768.jpg 1024w, https:\/\/marierelieusedidees.fr\/wp-content\/uploads\/2018\/04\/Photo-074-2017_10_21-12_44_23-UTC-2017_10_22-10_26_45-UTC-300x225.jpg 300w, https:\/\/marierelieusedidees.fr\/wp-content\/uploads\/2018\/04\/Photo-074-2017_10_21-12_44_23-UTC-2017_10_22-10_26_45-UTC-768x576.jpg 768w, https:\/\/marierelieusedidees.fr\/wp-content\/uploads\/2018\/04\/Photo-074-2017_10_21-12_44_23-UTC-2017_10_22-10_26_45-UTC.jpg 1280w\" sizes=\"auto, (max-width: 1024px) 100vw, 1024px\" \/><\/figure><\/li><li class=\"blocks-gallery-item\"><figure><img loading=\"lazy\" decoding=\"async\" width=\"1024\" height=\"768\" src=\"https:\/\/marierelieusedidees.fr\/wp-content\/uploads\/2018\/04\/DSCN6320-2017_10_21-12_44_23-UTC-2017_10_22-10_26_45-UTC-1024x768.jpg\" alt=\"\" data-id=\"192\" data-link=\"https:\/\/marierelieusedidees.fr\/index.php\/tarifs\/dscn6320-2017_10_21-12_44_23-utc-2017_10_22-10_26_45-utc\/\" class=\"wp-image-192\" srcset=\"https:\/\/marierelieusedidees.fr\/wp-content\/uploads\/2018\/04\/DSCN6320-2017_10_21-12_44_23-UTC-2017_10_22-10_26_45-UTC.jpg 1024w, https:\/\/marierelieusedidees.fr\/wp-content\/uploads\/2018\/04\/DSCN6320-2017_10_21-12_44_23-UTC-2017_10_22-10_26_45-UTC-300x225.jpg 300w, https:\/\/marierelieusedidees.fr\/wp-content\/uploads\/2018\/04\/DSCN6320-2017_10_21-12_44_23-UTC-2017_10_22-10_26_45-UTC-768x576.jpg 768w\" sizes=\"auto, (max-width: 1024px) 100vw, 1024px\" \/><\/figure><\/li><li class=\"blocks-gallery-item\"><figure><img loading=\"lazy\" decoding=\"async\" width=\"800\" height=\"600\" src=\"https:\/\/marierelieusedidees.fr\/wp-content\/uploads\/2017\/08\/2625166.jpg\" alt=\"\" data-id=\"126\" data-link=\"https:\/\/marierelieusedidees.fr\/2625166\/\" class=\"wp-image-126\" srcset=\"https:\/\/marierelieusedidees.fr\/wp-content\/uploads\/2017\/08\/2625166.jpg 800w, https:\/\/marierelieusedidees.fr\/wp-content\/uploads\/2017\/08\/2625166-300x225.jpg 300w, https:\/\/marierelieusedidees.fr\/wp-content\/uploads\/2017\/08\/2625166-768x576.jpg 768w, https:\/\/marierelieusedidees.fr\/wp-content\/uploads\/2017\/08\/2625166-640x480.jpg 640w\" sizes=\"auto, (max-width: 800px) 100vw, 800px\" \/><\/figure><\/li><li class=\"blocks-gallery-item\"><figure><img loading=\"lazy\" decoding=\"async\" width=\"1024\" height=\"768\" src=\"https:\/\/marierelieusedidees.fr\/wp-content\/uploads\/2019\/04\/Photo-082-2017_10_21-12_44_23-UTC-2017_10_22-10_26_45-UTC-1024x768.jpg\" alt=\"\" data-id=\"303\" data-link=\"https:\/\/marierelieusedidees.fr\/index.php\/mes-images\/photo-082-2017_10_21-12_44_23-utc-2017_10_22-10_26_45-utc\/\" class=\"wp-image-303\" srcset=\"https:\/\/marierelieusedidees.fr\/wp-content\/uploads\/2019\/04\/Photo-082-2017_10_21-12_44_23-UTC-2017_10_22-10_26_45-UTC-1024x768.jpg 1024w, https:\/\/marierelieusedidees.fr\/wp-content\/uploads\/2019\/04\/Photo-082-2017_10_21-12_44_23-UTC-2017_10_22-10_26_45-UTC-300x225.jpg 300w, https:\/\/marierelieusedidees.fr\/wp-content\/uploads\/2019\/04\/Photo-082-2017_10_21-12_44_23-UTC-2017_10_22-10_26_45-UTC-768x576.jpg 768w, https:\/\/marierelieusedidees.fr\/wp-content\/uploads\/2019\/04\/Photo-082-2017_10_21-12_44_23-UTC-2017_10_22-10_26_45-UTC.jpg 1280w\" sizes=\"auto, (max-width: 1024px) 100vw, 1024px\" \/><\/figure><\/li><li class=\"blocks-gallery-item\"><figure><img loading=\"lazy\" decoding=\"async\" width=\"1024\" height=\"768\" src=\"https:\/\/marierelieusedidees.fr\/wp-content\/uploads\/2019\/04\/VALISE-1-2017_10_21-12_44_23-UTC-2017_10_22-10_26_45-UTC-1024x768.jpg\" alt=\"\" data-id=\"302\" data-link=\"https:\/\/marierelieusedidees.fr\/index.php\/mes-images\/valise-1-2017_10_21-12_44_23-utc-2017_10_22-10_26_45-utc\/\" class=\"wp-image-302\" srcset=\"https:\/\/marierelieusedidees.fr\/wp-content\/uploads\/2019\/04\/VALISE-1-2017_10_21-12_44_23-UTC-2017_10_22-10_26_45-UTC.jpg 1024w, https:\/\/marierelieusedidees.fr\/wp-content\/uploads\/2019\/04\/VALISE-1-2017_10_21-12_44_23-UTC-2017_10_22-10_26_45-UTC-300x225.jpg 300w, https:\/\/marierelieusedidees.fr\/wp-content\/uploads\/2019\/04\/VALISE-1-2017_10_21-12_44_23-UTC-2017_10_22-10_26_45-UTC-768x576.jpg 768w\" sizes=\"auto, (max-width: 1024px) 100vw, 1024px\" \/><\/figure><\/li><\/ul>\n","protected":false},"excerpt":{"rendered":"<p>C&rsquo;est avec du papier que je cr\u00e9e des bijoux carnets, et autres petites fantaisies poissons&#8230; Chaque boucle est vernie et \u00e9quip\u00e9e d&rsquo;un petit fermoir. avec ces protections , on peut les conserver longtemps. Toutes les fantaisies possibles avec le papier<\/p>\n","protected":false},"author":3,"featured_media":303,"parent":201,"menu_order":0,"comment_status":"closed","ping_status":"closed","template":"","meta":{"footnotes":""},"class_list":["post-595","page","type-page","status-publish","has-post-thumbnail","hentry"],"yoast_head":"<!-- This site is optimized with the Yoast SEO plugin v27.5 - https:\/\/yoast.com\/product\/yoast-seo-wordpress\/ -->\n<title>Bijoux - Marie Relieuse d&#039;Id\u00e9es<\/title>\n<meta name=\"robots\" content=\"index, follow, max-snippet:-1, max-image-preview:large, max-video-preview:-1\" \/>\n<link rel=\"canonical\" href=\"https:\/\/marierelieusedidees.fr\/index.php\/mes-images\/bijoux\/\" \/>\n<meta property=\"og:locale\" content=\"fr_FR\" \/>\n<meta property=\"og:type\" content=\"article\" \/>\n<meta property=\"og:title\" content=\"Bijoux - Marie Relieuse d&#039;Id\u00e9es\" \/>\n<meta property=\"og:description\" content=\"C&rsquo;est avec du papier que je cr\u00e9e des bijoux carnets, et autres petites fantaisies poissons&#8230; Chaque boucle est vernie et \u00e9quip\u00e9e d&rsquo;un petit fermoir. avec ces protections , on peut les conserver longtemps. Toutes les fantaisies possibles avec le papier\" \/>\n<meta property=\"og:url\" content=\"https:\/\/marierelieusedidees.fr\/index.php\/mes-images\/bijoux\/\" \/>\n<meta property=\"og:site_name\" content=\"Marie Relieuse d&#039;Id\u00e9es\" \/>\n<meta property=\"article:modified_time\" content=\"2019-04-25T13:10:48+00:00\" \/>\n<meta property=\"og:image\" content=\"https:\/\/marierelieusedidees.fr\/wp-content\/uploads\/2019\/04\/Photo-082-2017_10_21-12_44_23-UTC-2017_10_22-10_26_45-UTC.jpg\" \/>\n\t<meta property=\"og:image:width\" content=\"1280\" \/>\n\t<meta property=\"og:image:height\" content=\"960\" \/>\n\t<meta property=\"og:image:type\" content=\"image\/jpeg\" \/>\n<meta name=\"twitter:card\" content=\"summary_large_image\" \/>\n<script type=\"application\/ld+json\" class=\"yoast-schema-graph\">{\"@context\":\"https:\\\/\\\/schema.org\",\"@graph\":[{\"@type\":\"WebPage\",\"@id\":\"https:\\\/\\\/marierelieusedidees.fr\\\/index.php\\\/mes-images\\\/bijoux\\\/\",\"url\":\"https:\\\/\\\/marierelieusedidees.fr\\\/index.php\\\/mes-images\\\/bijoux\\\/\",\"name\":\"Bijoux - Marie Relieuse d&#039;Id\u00e9es\",\"isPartOf\":{\"@id\":\"https:\\\/\\\/marierelieusedidees.fr\\\/#website\"},\"primaryImageOfPage\":{\"@id\":\"https:\\\/\\\/marierelieusedidees.fr\\\/index.php\\\/mes-images\\\/bijoux\\\/#primaryimage\"},\"image\":{\"@id\":\"https:\\\/\\\/marierelieusedidees.fr\\\/index.php\\\/mes-images\\\/bijoux\\\/#primaryimage\"},\"thumbnailUrl\":\"https:\\\/\\\/marierelieusedidees.fr\\\/wp-content\\\/uploads\\\/2019\\\/04\\\/Photo-082-2017_10_21-12_44_23-UTC-2017_10_22-10_26_45-UTC.jpg\",\"datePublished\":\"2019-04-23T16:24:18+00:00\",\"dateModified\":\"2019-04-25T13:10:48+00:00\",\"breadcrumb\":{\"@id\":\"https:\\\/\\\/marierelieusedidees.fr\\\/index.php\\\/mes-images\\\/bijoux\\\/#breadcrumb\"},\"inLanguage\":\"fr-FR\",\"potentialAction\":[{\"@type\":\"ReadAction\",\"target\":[\"https:\\\/\\\/marierelieusedidees.fr\\\/index.php\\\/mes-images\\\/bijoux\\\/\"]}]},{\"@type\":\"ImageObject\",\"inLanguage\":\"fr-FR\",\"@id\":\"https:\\\/\\\/marierelieusedidees.fr\\\/index.php\\\/mes-images\\\/bijoux\\\/#primaryimage\",\"url\":\"https:\\\/\\\/marierelieusedidees.fr\\\/wp-content\\\/uploads\\\/2019\\\/04\\\/Photo-082-2017_10_21-12_44_23-UTC-2017_10_22-10_26_45-UTC.jpg\",\"contentUrl\":\"https:\\\/\\\/marierelieusedidees.fr\\\/wp-content\\\/uploads\\\/2019\\\/04\\\/Photo-082-2017_10_21-12_44_23-UTC-2017_10_22-10_26_45-UTC.jpg\",\"width\":1280,\"height\":960},{\"@type\":\"BreadcrumbList\",\"@id\":\"https:\\\/\\\/marierelieusedidees.fr\\\/index.php\\\/mes-images\\\/bijoux\\\/#breadcrumb\",\"itemListElement\":[{\"@type\":\"ListItem\",\"position\":1,\"name\":\"Accueil\",\"item\":\"https:\\\/\\\/marierelieusedidees.fr\\\/\"},{\"@type\":\"ListItem\",\"position\":2,\"name\":\"Portfolio\",\"item\":\"https:\\\/\\\/marierelieusedidees.fr\\\/index.php\\\/mes-images\\\/\"},{\"@type\":\"ListItem\",\"position\":3,\"name\":\"Bijoux\"}]},{\"@type\":\"WebSite\",\"@id\":\"https:\\\/\\\/marierelieusedidees.fr\\\/#website\",\"url\":\"https:\\\/\\\/marierelieusedidees.fr\\\/\",\"name\":\"Marie Relieuse d&#039;Id\u00e9es\",\"description\":\"Marie Relieuse d&#039;Id\u00e9es\",\"publisher\":{\"@id\":\"https:\\\/\\\/marierelieusedidees.fr\\\/#organization\"},\"potentialAction\":[{\"@type\":\"SearchAction\",\"target\":{\"@type\":\"EntryPoint\",\"urlTemplate\":\"https:\\\/\\\/marierelieusedidees.fr\\\/?s={search_term_string}\"},\"query-input\":{\"@type\":\"PropertyValueSpecification\",\"valueRequired\":true,\"valueName\":\"search_term_string\"}}],\"inLanguage\":\"fr-FR\"},{\"@type\":\"Organization\",\"@id\":\"https:\\\/\\\/marierelieusedidees.fr\\\/#organization\",\"name\":\"marie relieuse d'id\u00e9es\",\"url\":\"https:\\\/\\\/marierelieusedidees.fr\\\/\",\"logo\":{\"@type\":\"ImageObject\",\"inLanguage\":\"fr-FR\",\"@id\":\"https:\\\/\\\/marierelieusedidees.fr\\\/#\\\/schema\\\/logo\\\/image\\\/\",\"url\":\"https:\\\/\\\/marierelieusedidees.fr\\\/wp-content\\\/uploads\\\/2017\\\/08\\\/2537442.jpg\",\"contentUrl\":\"https:\\\/\\\/marierelieusedidees.fr\\\/wp-content\\\/uploads\\\/2017\\\/08\\\/2537442.jpg\",\"width\":1200,\"height\":337,\"caption\":\"marie relieuse d'id\u00e9es\"},\"image\":{\"@id\":\"https:\\\/\\\/marierelieusedidees.fr\\\/#\\\/schema\\\/logo\\\/image\\\/\"}}]}<\/script>\n<!-- \/ Yoast SEO plugin. -->","yoast_head_json":{"title":"Bijoux - Marie Relieuse d&#039;Id\u00e9es","robots":{"index":"index","follow":"follow","max-snippet":"max-snippet:-1","max-image-preview":"max-image-preview:large","max-video-preview":"max-video-preview:-1"},"canonical":"https:\/\/marierelieusedidees.fr\/index.php\/mes-images\/bijoux\/","og_locale":"fr_FR","og_type":"article","og_title":"Bijoux - Marie Relieuse d&#039;Id\u00e9es","og_description":"C&rsquo;est avec du papier que je cr\u00e9e des bijoux carnets, et autres petites fantaisies poissons&#8230; Chaque boucle est vernie et \u00e9quip\u00e9e d&rsquo;un petit fermoir. avec ces protections , on peut les conserver longtemps. Toutes les fantaisies possibles avec le papier","og_url":"https:\/\/marierelieusedidees.fr\/index.php\/mes-images\/bijoux\/","og_site_name":"Marie Relieuse d&#039;Id\u00e9es","article_modified_time":"2019-04-25T13:10:48+00:00","og_image":[{"width":1280,"height":960,"url":"https:\/\/marierelieusedidees.fr\/wp-content\/uploads\/2019\/04\/Photo-082-2017_10_21-12_44_23-UTC-2017_10_22-10_26_45-UTC.jpg","type":"image\/jpeg"}],"twitter_card":"summary_large_image","schema":{"@context":"https:\/\/schema.org","@graph":[{"@type":"WebPage","@id":"https:\/\/marierelieusedidees.fr\/index.php\/mes-images\/bijoux\/","url":"https:\/\/marierelieusedidees.fr\/index.php\/mes-images\/bijoux\/","name":"Bijoux - Marie Relieuse d&#039;Id\u00e9es","isPartOf":{"@id":"https:\/\/marierelieusedidees.fr\/#website"},"primaryImageOfPage":{"@id":"https:\/\/marierelieusedidees.fr\/index.php\/mes-images\/bijoux\/#primaryimage"},"image":{"@id":"https:\/\/marierelieusedidees.fr\/index.php\/mes-images\/bijoux\/#primaryimage"},"thumbnailUrl":"https:\/\/marierelieusedidees.fr\/wp-content\/uploads\/2019\/04\/Photo-082-2017_10_21-12_44_23-UTC-2017_10_22-10_26_45-UTC.jpg","datePublished":"2019-04-23T16:24:18+00:00","dateModified":"2019-04-25T13:10:48+00:00","breadcrumb":{"@id":"https:\/\/marierelieusedidees.fr\/index.php\/mes-images\/bijoux\/#breadcrumb"},"inLanguage":"fr-FR","potentialAction":[{"@type":"ReadAction","target":["https:\/\/marierelieusedidees.fr\/index.php\/mes-images\/bijoux\/"]}]},{"@type":"ImageObject","inLanguage":"fr-FR","@id":"https:\/\/marierelieusedidees.fr\/index.php\/mes-images\/bijoux\/#primaryimage","url":"https:\/\/marierelieusedidees.fr\/wp-content\/uploads\/2019\/04\/Photo-082-2017_10_21-12_44_23-UTC-2017_10_22-10_26_45-UTC.jpg","contentUrl":"https:\/\/marierelieusedidees.fr\/wp-content\/uploads\/2019\/04\/Photo-082-2017_10_21-12_44_23-UTC-2017_10_22-10_26_45-UTC.jpg","width":1280,"height":960},{"@type":"BreadcrumbList","@id":"https:\/\/marierelieusedidees.fr\/index.php\/mes-images\/bijoux\/#breadcrumb","itemListElement":[{"@type":"ListItem","position":1,"name":"Accueil","item":"https:\/\/marierelieusedidees.fr\/"},{"@type":"ListItem","position":2,"name":"Portfolio","item":"https:\/\/marierelieusedidees.fr\/index.php\/mes-images\/"},{"@type":"ListItem","position":3,"name":"Bijoux"}]},{"@type":"WebSite","@id":"https:\/\/marierelieusedidees.fr\/#website","url":"https:\/\/marierelieusedidees.fr\/","name":"Marie Relieuse d&#039;Id\u00e9es","description":"Marie Relieuse d&#039;Id\u00e9es","publisher":{"@id":"https:\/\/marierelieusedidees.fr\/#organization"},"potentialAction":[{"@type":"SearchAction","target":{"@type":"EntryPoint","urlTemplate":"https:\/\/marierelieusedidees.fr\/?s={search_term_string}"},"query-input":{"@type":"PropertyValueSpecification","valueRequired":true,"valueName":"search_term_string"}}],"inLanguage":"fr-FR"},{"@type":"Organization","@id":"https:\/\/marierelieusedidees.fr\/#organization","name":"marie relieuse d'id\u00e9es","url":"https:\/\/marierelieusedidees.fr\/","logo":{"@type":"ImageObject","inLanguage":"fr-FR","@id":"https:\/\/marierelieusedidees.fr\/#\/schema\/logo\/image\/","url":"https:\/\/marierelieusedidees.fr\/wp-content\/uploads\/2017\/08\/2537442.jpg","contentUrl":"https:\/\/marierelieusedidees.fr\/wp-content\/uploads\/2017\/08\/2537442.jpg","width":1200,"height":337,"caption":"marie relieuse d'id\u00e9es"},"image":{"@id":"https:\/\/marierelieusedidees.fr\/#\/schema\/logo\/image\/"}}]}},"_links":{"self":[{"href":"https:\/\/marierelieusedidees.fr\/index.php\/wp-json\/wp\/v2\/pages\/595","targetHints":{"allow":["GET"]}}],"collection":[{"href":"https:\/\/marierelieusedidees.fr\/index.php\/wp-json\/wp\/v2\/pages"}],"about":[{"href":"https:\/\/marierelieusedidees.fr\/index.php\/wp-json\/wp\/v2\/types\/page"}],"author":[{"embeddable":true,"href":"https:\/\/marierelieusedidees.fr\/index.php\/wp-json\/wp\/v2\/users\/3"}],"replies":[{"embeddable":true,"href":"https:\/\/marierelieusedidees.fr\/index.php\/wp-json\/wp\/v2\/comments?post=595"}],"version-history":[{"count":3,"href":"https:\/\/marierelieusedidees.fr\/index.php\/wp-json\/wp\/v2\/pages\/595\/revisions"}],"predecessor-version":[{"id":801,"href":"https:\/\/marierelieusedidees.fr\/index.php\/wp-json\/wp\/v2\/pages\/595\/revisions\/801"}],"up":[{"embeddable":true,"href":"https:\/\/marierelieusedidees.fr\/index.php\/wp-json\/wp\/v2\/pages\/201"}],"wp:featuredmedia":[{"embeddable":true,"href":"https:\/\/marierelieusedidees.fr\/index.php\/wp-json\/wp\/v2\/media\/303"}],"wp:attachment":[{"href":"https:\/\/marierelieusedidees.fr\/index.php\/wp-json\/wp\/v2\/media?parent=595"}],"curies":[{"name":"wp","href":"https:\/\/api.w.org\/{rel}","templated":true}]}}