{"id":7,"date":"2017-07-20T14:04:54","date_gmt":"2017-07-20T12:04:54","guid":{"rendered":"http:\/\/marierelkq.cluster023.hosting.ovh.net\/?page_id=7"},"modified":"2022-06-14T12:27:42","modified_gmt":"2022-06-14T10:27:42","slug":"admin","status":"publish","type":"page","link":"https:\/\/marierelieusedidees.fr\/","title":{"rendered":"Dans l&rsquo;univers des carnets"},"content":{"rendered":"<h3 style=\"text-align: center; padding-left: 30px;\"><em><img loading=\"lazy\" decoding=\"async\" class=\"wp-image-122 aligncenter\" src=\"https:\/\/marierelieusedidees.fr\/wp-content\/uploads\/2017\/08\/2537521-300x225.jpg\" alt=\"\" width=\"278\" height=\"209\" srcset=\"https:\/\/marierelieusedidees.fr\/wp-content\/uploads\/2017\/08\/2537521-300x225.jpg 300w, https:\/\/marierelieusedidees.fr\/wp-content\/uploads\/2017\/08\/2537521-768x576.jpg 768w, https:\/\/marierelieusedidees.fr\/wp-content\/uploads\/2017\/08\/2537521-640x480.jpg 640w, https:\/\/marierelieusedidees.fr\/wp-content\/uploads\/2017\/08\/2537521.jpg 800w\" sizes=\"auto, (max-width: 278px) 100vw, 278px\" \/><\/em><\/h3>\n<h3 style=\"text-align: center; padding-left: 30px;\"><em>Je vous invite \u00e0 me suivre dans mon univers <\/em><\/h3>\n<h3 style=\"text-align: center; padding-left: 30px;\"><em>color\u00e9 du papier, de la fantaisie<\/em><\/h3>\n<p style=\"text-align: left;\">C&rsquo;est avec du papier, du tissu , du cuir, de la chambre \u00e0 air, du fil, des \u00e9lastiques, des rubans, que je relie mes id\u00e9es les unes aux autres afin de composer de jolis carnets cr\u00e9atifs, pour coller, noter, gribouiller, dessiner, \u00e9crire&#8230;et plus encore!<\/p>\n<p style=\"text-align: left;\">Je pense, propose, mets en sc\u00e8ne, puis confectionne des carnets de tout et de rien, des carnets qui font du bien. Je vous invite \u00e0 concr\u00e9tiser le carnet de <a href=\"https:\/\/marierelieusedidees.fr\/index.php\/mes-images\/voyages\/\">voyage<\/a> \u00e0 la d\u00e9couverte du monde et du voyage int\u00e9rieur.<\/p>\n<p style=\"text-align: left;\">Je relie aussi vos tr\u00e9sors pr\u00e9cieux conserv\u00e9s au fond d&rsquo;un tiroir, dans l&rsquo;attente d&rsquo;une nouvelle vie comme des menus anciens, des dessins d&rsquo;enfants, de vieux bulletins, des cartes ou colifichets personnels. Je transforme vos tr\u00e9sors en <a href=\"https:\/\/marierelieusedidees.fr\/index.php\/mes-images\/lobjet\/\">livre-objet<\/a>.<\/p>\n<p style=\"text-align: left;\">Je suis \u00e0 votre \u00e9coute pour concevoir le livre le plus personnel que vous souhaitez offrir \u00e0 l&rsquo;occasion d&rsquo;un \u00e9v\u00e8nement : un mariage, retraite, d\u00e9part naissance ou tout moment marquant. Je pose les jalons , nous collaborons, et je relie toutes ces petites choses qui font un\u00a0 TOUT: le livre <a href=\"https:\/\/marierelieusedidees.fr\/index.php\/mes-images\/livre-emotions\/\">\u00c9motions<\/a>.<\/p>\n<p style=\"text-align: left;\">Je suis une papivore, je froisse, plie, colle, et donne forme au papier pour cr\u00e9er de petits objets, tableaux, boites, <a href=\"https:\/\/marierelieusedidees.fr\/index.php\/mes-images\/bijoux\/\">bijoux<\/a>.<\/p>\n<p style=\"text-align: left;\">J&rsquo;aime chiner, r\u00e9cup\u00e9rer, choisir, toucher, colorer, broder, <a href=\"https:\/\/marierelieusedidees.fr\/index.php\/mes-images\/tissage\/\">tisser<\/a>, les nombreux <a href=\"https:\/\/marierelieusedidees.fr\/index.php\/mes-images\/encre-de-chine\/\">papiers<\/a> et tissus neufs ou de broc que je vais ensuite mettre en \u0153uvre dans des carnets uniques et originaux.<\/p>\n<p>Je collabore avec <a href=\"https:\/\/www.lapetiteboutiquedodile.com\/fr\/\">cr\u00e9ateurs<\/a> et <a href=\"https:\/\/www.duventdansmesbranches.fr\/\">artistes<\/a>.<\/p>\n<p>Je transmets mon savoir-faire sur demande ou en atelier programm\u00e9. Je vous aide \u00e0 r\u00e9aliser\u00a0 avec cr\u00e9ativit\u00e9 le papier, le carnet, le cahier, le livre,\u00a0 le pliage de vos envies.<\/p>\n<h3 style=\"text-align: center; padding-left: 30px;\">\u00a0<\/h3>\n\n\n<figure class=\"wp-block-image aligncenter size-large is-resized\"><img loading=\"lazy\" decoding=\"async\" src=\"https:\/\/marierelieusedidees.fr\/wp-content\/uploads\/2022\/06\/\u00a8Portrait-2022-729x1024.jpg\" alt=\"\" class=\"wp-image-828\" width=\"278\" height=\"390\" srcset=\"https:\/\/marierelieusedidees.fr\/wp-content\/uploads\/2022\/06\/\u00a8Portrait-2022-729x1024.jpg 729w, https:\/\/marierelieusedidees.fr\/wp-content\/uploads\/2022\/06\/\u00a8Portrait-2022-213x300.jpg 213w, https:\/\/marierelieusedidees.fr\/wp-content\/uploads\/2022\/06\/\u00a8Portrait-2022-768x1079.jpg 768w, https:\/\/marierelieusedidees.fr\/wp-content\/uploads\/2022\/06\/\u00a8Portrait-2022-1093x1536.jpg 1093w, https:\/\/marierelieusedidees.fr\/wp-content\/uploads\/2022\/06\/\u00a8Portrait-2022-1457x2048.jpg 1457w, https:\/\/marierelieusedidees.fr\/wp-content\/uploads\/2022\/06\/\u00a8Portrait-2022-scaled.jpg 1822w\" sizes=\"auto, (max-width: 278px) 100vw, 278px\" \/><figcaption>Dans mon atelier <\/figcaption><\/figure>\n\n\n\n<p><\/p>\n\n\n\n<figure class=\"wp-block-gallery has-nested-images columns-default is-cropped wp-block-gallery-1 is-layout-flex wp-block-gallery-is-layout-flex\">\n<figure class=\"wp-block-image\"><img loading=\"lazy\" decoding=\"async\" width=\"1024\" height=\"768\" data-id=\"295\" src=\"https:\/\/marierelieusedidees.fr\/wp-content\/uploads\/2019\/04\/DSCN4996-2017_10_21-12_44_23-UTC-2017_10_22-10_26_45-UTC-1024x768.jpg\" alt=\"\" class=\"wp-image-295\" srcset=\"https:\/\/marierelieusedidees.fr\/wp-content\/uploads\/2019\/04\/DSCN4996-2017_10_21-12_44_23-UTC-2017_10_22-10_26_45-UTC-1024x768.jpg 1024w, https:\/\/marierelieusedidees.fr\/wp-content\/uploads\/2019\/04\/DSCN4996-2017_10_21-12_44_23-UTC-2017_10_22-10_26_45-UTC-300x225.jpg 300w, https:\/\/marierelieusedidees.fr\/wp-content\/uploads\/2019\/04\/DSCN4996-2017_10_21-12_44_23-UTC-2017_10_22-10_26_45-UTC-768x576.jpg 768w, https:\/\/marierelieusedidees.fr\/wp-content\/uploads\/2019\/04\/DSCN4996-2017_10_21-12_44_23-UTC-2017_10_22-10_26_45-UTC.jpg 1600w\" sizes=\"auto, (max-width: 1024px) 100vw, 1024px\" \/><\/figure>\n\n\n\n<figure class=\"wp-block-image\"><img loading=\"lazy\" decoding=\"async\" width=\"1024\" height=\"768\" data-id=\"296\" src=\"https:\/\/marierelieusedidees.fr\/wp-content\/uploads\/2019\/04\/DSCN4997-2017_10_21-12_44_23-UTC-2017_10_22-10_26_45-UTC-1024x768.jpg\" alt=\"\" class=\"wp-image-296\" srcset=\"https:\/\/marierelieusedidees.fr\/wp-content\/uploads\/2019\/04\/DSCN4997-2017_10_21-12_44_23-UTC-2017_10_22-10_26_45-UTC-1024x768.jpg 1024w, https:\/\/marierelieusedidees.fr\/wp-content\/uploads\/2019\/04\/DSCN4997-2017_10_21-12_44_23-UTC-2017_10_22-10_26_45-UTC-300x225.jpg 300w, https:\/\/marierelieusedidees.fr\/wp-content\/uploads\/2019\/04\/DSCN4997-2017_10_21-12_44_23-UTC-2017_10_22-10_26_45-UTC-768x576.jpg 768w, https:\/\/marierelieusedidees.fr\/wp-content\/uploads\/2019\/04\/DSCN4997-2017_10_21-12_44_23-UTC-2017_10_22-10_26_45-UTC.jpg 1600w\" sizes=\"auto, (max-width: 1024px) 100vw, 1024px\" \/><\/figure>\n<\/figure>\n\n\n\n<figure class=\"wp-block-image aligncenter\"><img loading=\"lazy\" decoding=\"async\" width=\"350\" height=\"82\" src=\"https:\/\/marierelieusedidees.fr\/wp-content\/uploads\/2019\/05\/logo.png\" alt=\"\" class=\"wp-image-790\" srcset=\"https:\/\/marierelieusedidees.fr\/wp-content\/uploads\/2019\/05\/logo.png 350w, https:\/\/marierelieusedidees.fr\/wp-content\/uploads\/2019\/05\/logo-300x70.png 300w\" sizes=\"auto, (max-width: 350px) 100vw, 350px\" \/><\/figure>\n","protected":false},"excerpt":{"rendered":"<p>Je vous invite \u00e0 me suivre dans mon univers color\u00e9 du papier, de la fantaisie C&rsquo;est avec du papier, du tissu , du cuir, de la chambre \u00e0 air, du fil, des \u00e9lastiques, des rubans, que je relie mes id\u00e9es<\/p>\n","protected":false},"author":1,"featured_media":0,"parent":0,"menu_order":0,"comment_status":"closed","ping_status":"closed","template":"","meta":{"footnotes":""},"class_list":["post-7","page","type-page","status-publish","hentry"],"yoast_head":"<!-- This site is optimized with the Yoast SEO plugin v27.5 - https:\/\/yoast.com\/product\/yoast-seo-wordpress\/ -->\n<title>Carnet, Note book de fabrication artisanal et sur mesure<\/title>\n<meta name=\"robots\" content=\"index, follow, max-snippet:-1, max-image-preview:large, max-video-preview:-1\" \/>\n<link rel=\"canonical\" href=\"https:\/\/marierelieusedidees.fr\/\" \/>\n<meta property=\"og:locale\" content=\"fr_FR\" \/>\n<meta property=\"og:type\" content=\"article\" \/>\n<meta property=\"og:title\" content=\"Carnet, Note book de fabrication artisanal et sur mesure\" \/>\n<meta property=\"og:description\" content=\"Je vous invite \u00e0 me suivre dans mon univers color\u00e9 du papier, de la fantaisie C&rsquo;est avec du papier, du tissu , du cuir, de la chambre \u00e0 air, du fil, des \u00e9lastiques, des rubans, que je relie mes id\u00e9es\" \/>\n<meta property=\"og:url\" content=\"https:\/\/marierelieusedidees.fr\/\" \/>\n<meta property=\"og:site_name\" content=\"Marie Relieuse d&#039;Id\u00e9es\" \/>\n<meta property=\"article:modified_time\" content=\"2022-06-14T10:27:42+00:00\" \/>\n<meta property=\"og:image\" content=\"https:\/\/marierelieusedidees.fr\/wp-content\/uploads\/2017\/08\/2537521-300x225.jpg\" \/>\n<meta name=\"twitter:card\" content=\"summary_large_image\" \/>\n<meta name=\"twitter:label1\" content=\"Dur\u00e9e de lecture estim\u00e9e\" \/>\n\t<meta name=\"twitter:data1\" content=\"3 minutes\" \/>\n<script type=\"application\/ld+json\" class=\"yoast-schema-graph\">{\"@context\":\"https:\\\/\\\/schema.org\",\"@graph\":[{\"@type\":\"WebPage\",\"@id\":\"https:\\\/\\\/marierelieusedidees.fr\\\/\",\"url\":\"https:\\\/\\\/marierelieusedidees.fr\\\/\",\"name\":\"Carnet, Note book de fabrication artisanal et sur mesure\",\"isPartOf\":{\"@id\":\"https:\\\/\\\/marierelieusedidees.fr\\\/#website\"},\"primaryImageOfPage\":{\"@id\":\"https:\\\/\\\/marierelieusedidees.fr\\\/#primaryimage\"},\"image\":{\"@id\":\"https:\\\/\\\/marierelieusedidees.fr\\\/#primaryimage\"},\"thumbnailUrl\":\"https:\\\/\\\/marierelieusedidees.fr\\\/wp-content\\\/uploads\\\/2017\\\/08\\\/2537521-300x225.jpg\",\"datePublished\":\"2017-07-20T12:04:54+00:00\",\"dateModified\":\"2022-06-14T10:27:42+00:00\",\"breadcrumb\":{\"@id\":\"https:\\\/\\\/marierelieusedidees.fr\\\/#breadcrumb\"},\"inLanguage\":\"fr-FR\",\"potentialAction\":[{\"@type\":\"ReadAction\",\"target\":[\"https:\\\/\\\/marierelieusedidees.fr\\\/\"]}]},{\"@type\":\"ImageObject\",\"inLanguage\":\"fr-FR\",\"@id\":\"https:\\\/\\\/marierelieusedidees.fr\\\/#primaryimage\",\"url\":\"https:\\\/\\\/marierelieusedidees.fr\\\/wp-content\\\/uploads\\\/2017\\\/08\\\/2537521.jpg\",\"contentUrl\":\"https:\\\/\\\/marierelieusedidees.fr\\\/wp-content\\\/uploads\\\/2017\\\/08\\\/2537521.jpg\",\"width\":800,\"height\":600},{\"@type\":\"BreadcrumbList\",\"@id\":\"https:\\\/\\\/marierelieusedidees.fr\\\/#breadcrumb\",\"itemListElement\":[{\"@type\":\"ListItem\",\"position\":1,\"name\":\"Accueil\",\"item\":\"https:\\\/\\\/marierelieusedidees.fr\\\/\"},{\"@type\":\"ListItem\",\"position\":2,\"name\":\"Dans l&rsquo;univers des carnets\"}]},{\"@type\":\"WebSite\",\"@id\":\"https:\\\/\\\/marierelieusedidees.fr\\\/#website\",\"url\":\"https:\\\/\\\/marierelieusedidees.fr\\\/\",\"name\":\"Marie Relieuse d&#039;Id\u00e9es\",\"description\":\"Marie Relieuse d&#039;Id\u00e9es\",\"publisher\":{\"@id\":\"https:\\\/\\\/marierelieusedidees.fr\\\/#organization\"},\"potentialAction\":[{\"@type\":\"SearchAction\",\"target\":{\"@type\":\"EntryPoint\",\"urlTemplate\":\"https:\\\/\\\/marierelieusedidees.fr\\\/?s={search_term_string}\"},\"query-input\":{\"@type\":\"PropertyValueSpecification\",\"valueRequired\":true,\"valueName\":\"search_term_string\"}}],\"inLanguage\":\"fr-FR\"},{\"@type\":\"Organization\",\"@id\":\"https:\\\/\\\/marierelieusedidees.fr\\\/#organization\",\"name\":\"marie relieuse d'id\u00e9es\",\"url\":\"https:\\\/\\\/marierelieusedidees.fr\\\/\",\"logo\":{\"@type\":\"ImageObject\",\"inLanguage\":\"fr-FR\",\"@id\":\"https:\\\/\\\/marierelieusedidees.fr\\\/#\\\/schema\\\/logo\\\/image\\\/\",\"url\":\"https:\\\/\\\/marierelieusedidees.fr\\\/wp-content\\\/uploads\\\/2017\\\/08\\\/2537442.jpg\",\"contentUrl\":\"https:\\\/\\\/marierelieusedidees.fr\\\/wp-content\\\/uploads\\\/2017\\\/08\\\/2537442.jpg\",\"width\":1200,\"height\":337,\"caption\":\"marie relieuse d'id\u00e9es\"},\"image\":{\"@id\":\"https:\\\/\\\/marierelieusedidees.fr\\\/#\\\/schema\\\/logo\\\/image\\\/\"}}]}<\/script>\n<!-- \/ Yoast SEO plugin. -->","yoast_head_json":{"title":"Carnet, Note book de fabrication artisanal et sur mesure","robots":{"index":"index","follow":"follow","max-snippet":"max-snippet:-1","max-image-preview":"max-image-preview:large","max-video-preview":"max-video-preview:-1"},"canonical":"https:\/\/marierelieusedidees.fr\/","og_locale":"fr_FR","og_type":"article","og_title":"Carnet, Note book de fabrication artisanal et sur mesure","og_description":"Je vous invite \u00e0 me suivre dans mon univers color\u00e9 du papier, de la fantaisie C&rsquo;est avec du papier, du tissu , du cuir, de la chambre \u00e0 air, du fil, des \u00e9lastiques, des rubans, que je relie mes id\u00e9es","og_url":"https:\/\/marierelieusedidees.fr\/","og_site_name":"Marie Relieuse d&#039;Id\u00e9es","article_modified_time":"2022-06-14T10:27:42+00:00","og_image":[{"url":"https:\/\/marierelieusedidees.fr\/wp-content\/uploads\/2017\/08\/2537521-300x225.jpg","type":"","width":"","height":""}],"twitter_card":"summary_large_image","twitter_misc":{"Dur\u00e9e de lecture estim\u00e9e":"3 minutes"},"schema":{"@context":"https:\/\/schema.org","@graph":[{"@type":"WebPage","@id":"https:\/\/marierelieusedidees.fr\/","url":"https:\/\/marierelieusedidees.fr\/","name":"Carnet, Note book de fabrication artisanal et sur mesure","isPartOf":{"@id":"https:\/\/marierelieusedidees.fr\/#website"},"primaryImageOfPage":{"@id":"https:\/\/marierelieusedidees.fr\/#primaryimage"},"image":{"@id":"https:\/\/marierelieusedidees.fr\/#primaryimage"},"thumbnailUrl":"https:\/\/marierelieusedidees.fr\/wp-content\/uploads\/2017\/08\/2537521-300x225.jpg","datePublished":"2017-07-20T12:04:54+00:00","dateModified":"2022-06-14T10:27:42+00:00","breadcrumb":{"@id":"https:\/\/marierelieusedidees.fr\/#breadcrumb"},"inLanguage":"fr-FR","potentialAction":[{"@type":"ReadAction","target":["https:\/\/marierelieusedidees.fr\/"]}]},{"@type":"ImageObject","inLanguage":"fr-FR","@id":"https:\/\/marierelieusedidees.fr\/#primaryimage","url":"https:\/\/marierelieusedidees.fr\/wp-content\/uploads\/2017\/08\/2537521.jpg","contentUrl":"https:\/\/marierelieusedidees.fr\/wp-content\/uploads\/2017\/08\/2537521.jpg","width":800,"height":600},{"@type":"BreadcrumbList","@id":"https:\/\/marierelieusedidees.fr\/#breadcrumb","itemListElement":[{"@type":"ListItem","position":1,"name":"Accueil","item":"https:\/\/marierelieusedidees.fr\/"},{"@type":"ListItem","position":2,"name":"Dans l&rsquo;univers des carnets"}]},{"@type":"WebSite","@id":"https:\/\/marierelieusedidees.fr\/#website","url":"https:\/\/marierelieusedidees.fr\/","name":"Marie Relieuse d&#039;Id\u00e9es","description":"Marie Relieuse d&#039;Id\u00e9es","publisher":{"@id":"https:\/\/marierelieusedidees.fr\/#organization"},"potentialAction":[{"@type":"SearchAction","target":{"@type":"EntryPoint","urlTemplate":"https:\/\/marierelieusedidees.fr\/?s={search_term_string}"},"query-input":{"@type":"PropertyValueSpecification","valueRequired":true,"valueName":"search_term_string"}}],"inLanguage":"fr-FR"},{"@type":"Organization","@id":"https:\/\/marierelieusedidees.fr\/#organization","name":"marie relieuse d'id\u00e9es","url":"https:\/\/marierelieusedidees.fr\/","logo":{"@type":"ImageObject","inLanguage":"fr-FR","@id":"https:\/\/marierelieusedidees.fr\/#\/schema\/logo\/image\/","url":"https:\/\/marierelieusedidees.fr\/wp-content\/uploads\/2017\/08\/2537442.jpg","contentUrl":"https:\/\/marierelieusedidees.fr\/wp-content\/uploads\/2017\/08\/2537442.jpg","width":1200,"height":337,"caption":"marie relieuse d'id\u00e9es"},"image":{"@id":"https:\/\/marierelieusedidees.fr\/#\/schema\/logo\/image\/"}}]}},"_links":{"self":[{"href":"https:\/\/marierelieusedidees.fr\/index.php\/wp-json\/wp\/v2\/pages\/7","targetHints":{"allow":["GET"]}}],"collection":[{"href":"https:\/\/marierelieusedidees.fr\/index.php\/wp-json\/wp\/v2\/pages"}],"about":[{"href":"https:\/\/marierelieusedidees.fr\/index.php\/wp-json\/wp\/v2\/types\/page"}],"author":[{"embeddable":true,"href":"https:\/\/marierelieusedidees.fr\/index.php\/wp-json\/wp\/v2\/users\/1"}],"replies":[{"embeddable":true,"href":"https:\/\/marierelieusedidees.fr\/index.php\/wp-json\/wp\/v2\/comments?post=7"}],"version-history":[{"count":60,"href":"https:\/\/marierelieusedidees.fr\/index.php\/wp-json\/wp\/v2\/pages\/7\/revisions"}],"predecessor-version":[{"id":833,"href":"https:\/\/marierelieusedidees.fr\/index.php\/wp-json\/wp\/v2\/pages\/7\/revisions\/833"}],"wp:attachment":[{"href":"https:\/\/marierelieusedidees.fr\/index.php\/wp-json\/wp\/v2\/media?parent=7"}],"curies":[{"name":"wp","href":"https:\/\/api.w.org\/{rel}","templated":true}]}}